{"id":10,"date":"2018-01-14T16:06:11","date_gmt":"2018-01-14T16:06:11","guid":{"rendered":"http:\/\/www.pess.com\/?page_id=10"},"modified":"2025-04-10T18:40:00","modified_gmt":"2025-04-10T23:40:00","slug":"contacto","status":"publish","type":"page","link":"https:\/\/www.pess.com\/es\/contacto\/","title":{"rendered":"Contacto"},"content":{"rendered":"<div class=\"hero contacto\">\n<div class=\"row\">\n<div class=\"large-12 columns\">\n<h1 class=\"animated fadeIn white-text\">Cont\u00e1ctenos<\/h1>\n<\/div>\n<\/div>\n<\/div>\n<div class=\"block content\">\n<div class=\"row\">\n<div class=\"large-5 medium-9 columns large-offset-1\">\n\nSi desea cotizar nuestros servicios, resolver interrogantes o hacernos llegar sus comentarios, no dude en contactarnos.\n<a href=\"mailto:info@pess.com\">info@pess.com<\/a>\n\n<div role=\"form\" class=\"wpcf7\" id=\"wpcf7-f37-o1\" lang=\"es-ES\" dir=\"ltr\">\n<div class=\"screen-reader-response\"><p role=\"status\" aria-live=\"polite\" aria-atomic=\"true\"><\/p> <ul><\/ul><\/div>\n<form action=\"\/es\/wp-json\/wp\/v2\/pages\/10#wpcf7-f37-o1\" method=\"post\" class=\"wpcf7-form init\" novalidate=\"novalidate\" data-status=\"init\">\n<div style=\"display: none;\">\n<input type=\"hidden\" name=\"_wpcf7\" value=\"37\" \/>\n<input type=\"hidden\" name=\"_wpcf7_version\" value=\"5.5.6\" \/>\n<input type=\"hidden\" name=\"_wpcf7_locale\" value=\"es_ES\" \/>\n<input type=\"hidden\" name=\"_wpcf7_unit_tag\" value=\"wpcf7-f37-o1\" \/>\n<input type=\"hidden\" name=\"_wpcf7_container_post\" value=\"0\" \/>\n<input type=\"hidden\" name=\"_wpcf7_posted_data_hash\" value=\"\" \/>\n<input type=\"hidden\" name=\"_wpcf7_recaptcha_response\" value=\"\" \/>\n<\/div>\n<div class=\"row\">\n<div class=\"medium-12 columns\">\n<p><label> Nombre<br \/>\n    <span class=\"wpcf7-form-control-wrap your-name\"><input type=\"text\" name=\"your-name\" value=\"\" size=\"40\" class=\"wpcf7-form-control wpcf7-text wpcf7-validates-as-required\" aria-required=\"true\" aria-invalid=\"false\" \/><\/span>  <\/label><\/p>\n<p><label> E-Mail<br \/>\n    <span class=\"wpcf7-form-control-wrap your-email\"><input type=\"email\" name=\"your-email\" value=\"\" size=\"40\" class=\"wpcf7-form-control wpcf7-text wpcf7-email wpcf7-validates-as-required wpcf7-validates-as-email\" aria-required=\"true\" aria-invalid=\"false\" \/><\/span> <\/label><\/p>\n<p><label> Asunto<br \/>\n    <span class=\"wpcf7-form-control-wrap your-subject\"><input type=\"text\" name=\"your-subject\" value=\"\" size=\"40\" class=\"wpcf7-form-control wpcf7-text wpcf7-validates-as-required\" aria-required=\"true\" aria-invalid=\"false\" \/><\/span> <\/label><\/p>\n<p><label> Tel\u00e9fono<br \/>\n    <span class=\"wpcf7-form-control-wrap your-telephone\"><input type=\"tel\" name=\"your-telephone\" value=\"\" size=\"40\" class=\"wpcf7-form-control wpcf7-text wpcf7-tel wpcf7-validates-as-required wpcf7-validates-as-tel\" aria-required=\"true\" aria-invalid=\"false\" \/><\/span> <\/label><\/p>\n<p><label> Mensaje<br \/>\n    <span class=\"wpcf7-form-control-wrap your-message\"><textarea name=\"your-message\" cols=\"40\" rows=\"10\" class=\"wpcf7-form-control wpcf7-textarea wpcf7-validates-as-required\" aria-required=\"true\" aria-invalid=\"false\"><\/textarea><\/span> <\/label><\/p>\n<p><input type=\"submit\" value=\"Enviar\" class=\"wpcf7-form-control has-spinner wpcf7-submit button hollow\" \/>\n<\/p><\/div>\n<\/div>\n<div class=\"wpcf7-response-output\" aria-hidden=\"true\"><\/div><\/form><\/div>\n\n<\/div>\n<div class=\"large-5 medium-9 columns\">\n<h2>Oficinas<\/h2>\n<h3>M\u00e9xico<\/h3>\nSan Alberto 402, Residencial Santa B\u00e1rbara, 1 Sector\nSan Pedro Garza Garc\u00eda N.L., C.P. 66266\n\nTel. +52 (81) 8358.5599\n<h3>USA<\/h3>\n7550 I10 Suite 800, San Antonio, TX, 78229.\n\nTel. +1 (210) 880.4805\n<h3>Panam\u00e1<\/h3>\nCalle 50, Plaza Banco General, Apto. 24,&nbsp;Area Bancaria,&nbsp; Bella Vista\n\nTel.&nbsp;+ (507) 833.6945\n<div class=\"block content\">\n<div class=\"row\">\n<div class=\"large-5 medium-9 columns\"><\/div>\n<\/div>\n<\/div>\n<\/div>\n<\/div>\n<\/div>","protected":false},"excerpt":{"rendered":"Cont\u00e1ctenos Si desea cotizar nuestros servicios, resolver interrogantes o hacernos llegar sus comentarios, no dude en contactarnos. info@pess.com Oficinas M\u00e9xico San Alberto 402, Residencial Santa B\u00e1rbara, 1 Sector San Pedro Garza Garc\u00eda N.L., C.P. 66266 Tel. +52 (81) 8358.5599 USA 7550 I10 Suite 800, San Antonio, TX, 78229. Tel. +1 (210) 880.4805 Panam\u00e1 Calle 50, [&hellip;]","protected":false},"author":1,"featured_media":0,"parent":0,"menu_order":0,"comment_status":"closed","ping_status":"closed","template":"","meta":[],"_links":{"self":[{"href":"https:\/\/www.pess.com\/es\/wp-json\/wp\/v2\/pages\/10"}],"collection":[{"href":"https:\/\/www.pess.com\/es\/wp-json\/wp\/v2\/pages"}],"about":[{"href":"https:\/\/www.pess.com\/es\/wp-json\/wp\/v2\/types\/page"}],"author":[{"embeddable":true,"href":"https:\/\/www.pess.com\/es\/wp-json\/wp\/v2\/users\/1"}],"replies":[{"embeddable":true,"href":"https:\/\/www.pess.com\/es\/wp-json\/wp\/v2\/comments?post=10"}],"version-history":[{"count":22,"href":"https:\/\/www.pess.com\/es\/wp-json\/wp\/v2\/pages\/10\/revisions"}],"predecessor-version":[{"id":355,"href":"https:\/\/www.pess.com\/es\/wp-json\/wp\/v2\/pages\/10\/revisions\/355"}],"wp:attachment":[{"href":"https:\/\/www.pess.com\/es\/wp-json\/wp\/v2\/media?parent=10"}],"curies":[{"name":"wp","href":"https:\/\/api.w.org\/{rel}","templated":true}]}}