{"id":12,"date":"2018-01-14T16:08:00","date_gmt":"2018-01-14T16:08:00","guid":{"rendered":"http:\/\/www.pess.com\/?page_id=12"},"modified":"2018-01-14T17:26:00","modified_gmt":"2018-01-14T17:26:00","slug":"refaccionamiento","status":"publish","type":"page","link":"https:\/\/www.pess.com\/es\/soluciones\/refaccionamiento\/","title":{"rendered":"Refaccionamiento"},"content":{"rendered":"<div class=\"hero soluciones\">\r\n  \r\n<div class=\"row\">\r\n  <div class=\"large-12 columns\">\r\n    <h1 class=\"animated fadeIn white-text\">Refaccionamiento<\/h1>    \r\n  <\/div>\r\n<\/div>\r\n\r\n\r\n   \r\n<\/div><!--- \/.hero --->\r\n\r\n\r\n\r\n\r\n<div class=\"m-soluciones bg-gray-grad wow animated fadeIn\">\r\n  \r\n<div class=\"row\">\r\n  <div class=\"large-12 columns large-centered\">\r\n    \r\n    <div class=\"large-3 medium-3 columns\">\r\n      <div class=\"menu-soluciones-item\">\r\n      <a href=\"http:\/\/www.pess.com\/soluciones\/servicios-de-campo\">\r\n        <div class=\"sol-img sol-1\"><\/div><h4>Servicios de Campo<\/h4>\r\n      <\/a>\r\n      <\/div>\r\n    <\/div>\r\n    \r\n    <div class=\"large-3 medium-3 columns\">\r\n      <div class=\"menu-soluciones-item\">\r\n        <a href=\"http:\/\/www.pess.com\/soluciones\/proyectos\">\r\n      <div class=\"sol-img sol-2\"><\/div><h4>Proyectos\/Automatizaci\u00f3n<\/h4>\r\n        <\/a>\r\n      <\/div>\r\n    <\/div>\r\n    \r\n    <div class=\"large-3 medium-3 columns\">\r\n      <div class=\"menu-soluciones-item current\">\r\n        <a href=\"http:\/\/www.pess.com\/soluciones\/refaccionamiento\">\r\n      <div class=\"sol-img sol-4\"><\/div><h4>Refaccionamiento<\/h4>\r\n        <\/a>\r\n      <\/div>\r\n    <\/div>\r\n    \r\n    <div class=\"large-3 medium-3 columns\">\r\n      <div class=\"menu-soluciones-item\">\r\n        <a href=\"http:\/\/www.pess.com\/soluciones\/plantas-moviles\">\r\n      <div class=\"sol-img sol-3\"><\/div><h4>Plantas M\u00f3viles<\/h4>\r\n        <\/a>\r\n      <\/div>\r\n    <\/div>\r\n    \r\n  <\/div>\r\n<\/div><!--- \/row menu-soluciones --->\r\n\r\n<\/div><!--- \/.menu-soluciones --->\r\n\r\n\r\n<div class=\"menu-soluciones-m show-for-small-only\">\r\n\r\n\r\n<div class=\"row\">\r\n  <div class=\"small-12 columns\">\r\n    \r\n<select name=\"selector\" onchange=\"location = this.value;\">\r\n <option value=\"http:\/\/www.pess.com\/soluciones\/servicios-de-campo\">Servicios de Campo<\/option>\r\n <option value=\"http:\/\/www.pess.com\/soluciones\/proyectos\">Proyectos\/Automatizaci\u00f3n<\/option>\r\n <option value=\"http:\/\/www.pess.com\/soluciones\/refaccionamiento\">Refaccionamiento<\/option>\r\n <option value=\"http:\/\/www.pess.com\/soluciones\/plantas-moviles\">Plantas M\u00f3viles<\/option>\r\n<\/select>\r\n        \r\n  <\/div>\r\n<\/div><!--- \/row menu-soluciones --->\r\n\r\n\r\n<\/div><!--- \/.menu-soluciones-m --->\r\n\r\n\r\n\r\n\r\n\r\n<div class=\"block content\">\r\n\r\n\r\n\r\n<div class=\"row\">\r\n  <div class=\"large-7 medium-9 columns large-centered medium-centered\">\r\n    \r\n    \r\n    \r\n    <h2>Reparaciones de Turbinas de Gas Aeroderivadas<\/h2>\r\n    \r\n        \r\n  <p><strong>PESS<\/strong> cuenta con una red estrat\u00e9gica de alianzas para ofrecer alternativas en servicios de taller:<\/p>\r\n  \r\n  <ul>\r\n    <li>M\u00f3dulo HPT &#8211; Reparacion y revision.<\/li>\r\n    <li>Intercambios HPT.<\/li>\r\n    <li>Intercambio de Carcasas rotables.<\/li>\r\n    <li>Proporciona envio rapido a cualquier destino internacional, incluyendo la soluci\u00f3n de problemas de emergencia, e intercambio de la secci\u00f3n caliente.<\/li>\r\n    <li>OVerhaul a Generador de Gases.<\/li>\r\n    <li>Banco de pruebas en sitio.<\/li>\r\n    <li>El \u00fanico banco de pruebas de n\u00facleo y soluci\u00f3n de problemas.<\/li>\r\n    <li>Arrendamiento de turbinas.<\/li>\r\n<\/li>\r\n  <\/ul>\r\n    \r\n   \r\n      <\/div>\r\n<\/div>\r\n\r\n<\/div>\r\n\r\n\r\n\r\n<div class=\"block contact-bot\">\r\n\r\n\r\n<div class=\"row wow animated fadeInUp\">\r\n  <div class=\"large-7 columns large-centered\">\r\n    \r\n    <h2>Cont\u00e1ctenos<\/h2>\r\n    \r\n<p class=\"subtitle\">Si desea cotizar nuestros servicios, resolver interrogantes o hacernos llegar sus comentarios, no dude en contactarnos.<\/p>\r\n<p class=\"text-center\">\r\n  <a class=\"button hollow\" href=\"&#109;&#x61;&#105;&#x6c;&#x74;&#111;&#58;&#105;&#110;&#x66;&#x6f;&#x40;&#112;&#x65;&#115;&#115;&#46;&#x63;&#111;&#x6d;\">&#105;&#x6e;&#x66;&#111;&#64;&#112;&#101;&#115;&#115;&#46;&#x63;&#111;&#x6d;<\/a><\/p>\r\n\r\n\r\n  <\/div>\r\n<\/div>\r\n\r\n\r\n<\/div><!--- \/.block --->\r\n","protected":false},"excerpt":{"rendered":"Refaccionamiento Servicios de Campo Proyectos\/Automatizaci\u00f3n Refaccionamiento Plantas M\u00f3viles Servicios de Campo Proyectos\/Automatizaci\u00f3n Refaccionamiento Plantas M\u00f3viles Reparaciones de Turbinas de Gas Aeroderivadas PESS cuenta con una red estrat\u00e9gica de alianzas para ofrecer alternativas en servicios de taller: M\u00f3dulo HPT &#8211; Reparacion y revision. Intercambios HPT. Intercambio de Carcasas rotables. Proporciona envio rapido a cualquier destino internacional, [&hellip;]","protected":false},"author":1,"featured_media":0,"parent":16,"menu_order":0,"comment_status":"closed","ping_status":"closed","template":"","meta":[],"_links":{"self":[{"href":"https:\/\/www.pess.com\/es\/wp-json\/wp\/v2\/pages\/12"}],"collection":[{"href":"https:\/\/www.pess.com\/es\/wp-json\/wp\/v2\/pages"}],"about":[{"href":"https:\/\/www.pess.com\/es\/wp-json\/wp\/v2\/types\/page"}],"author":[{"embeddable":true,"href":"https:\/\/www.pess.com\/es\/wp-json\/wp\/v2\/users\/1"}],"replies":[{"embeddable":true,"href":"https:\/\/www.pess.com\/es\/wp-json\/wp\/v2\/comments?post=12"}],"version-history":[{"count":3,"href":"https:\/\/www.pess.com\/es\/wp-json\/wp\/v2\/pages\/12\/revisions"}],"predecessor-version":[{"id":31,"href":"https:\/\/www.pess.com\/es\/wp-json\/wp\/v2\/pages\/12\/revisions\/31"}],"up":[{"embeddable":true,"href":"https:\/\/www.pess.com\/es\/wp-json\/wp\/v2\/pages\/16"}],"wp:attachment":[{"href":"https:\/\/www.pess.com\/es\/wp-json\/wp\/v2\/media?parent=12"}],"curies":[{"name":"wp","href":"https:\/\/api.w.org\/{rel}","templated":true}]}}