{"id":139,"date":"2018-03-13T23:01:22","date_gmt":"2018-03-13T23:01:22","guid":{"rendered":"http:\/\/www.pess.com\/?page_id=139"},"modified":"2021-12-08T16:03:03","modified_gmt":"2021-12-08T22:03:03","slug":"blog","status":"publish","type":"page","link":"https:\/\/www.pess.com\/es\/blog\/","title":{"rendered":"Blog"},"content":{"rendered":"<div id=\"pl-139\" class=\"panel-layout\">\n<div id=\"pg-139-0\" class=\"panel-grid panel-no-style\" data-style=\"{&quot;background_display&quot;:&quot;tile&quot;,&quot;cell_alignment&quot;:&quot;flex-start&quot;}\">\n<div id=\"pgc-139-0-0\" class=\"panel-grid-cell\" data-weight=\"1\">\n<div id=\"panel-139-0-0-0\" class=\"so-panel widget widget_sow-editor panel-first-child panel-last-child widgetopts-SO\" data-index=\"0\" data-style=\"{&quot;background_image_attachment&quot;:false,&quot;background_display&quot;:&quot;tile&quot;}\">\n<div class=\"so-widget-sow-editor so-widget-sow-editor-base\">\n<div class=\"siteorigin-widget-tinymce textwidget\">\n<div class=\"hero contacto\">\n<div class=\"row\">\n<div class=\"large-12 columns\">\n<h1 class=\"animated fadeIn white-text\">Blog<\/h1>\n<\/div>\n<\/div>\n<\/div>\n<div class=\"block content\">\n<div class=\"row\">\n<div class=\"large-7 medium-9 columns large-offset-1\"><\/div>\n<div class=\"large-3 medium-9 columns\" style=\"background-color: #f9f7f7; padding: 5px;\">\n\n<a href=\"wp-content\/uploads\/2018\/04\/Turbologias_vol1.pdf\"> <img src=\"http:\/\/www.pess.com\/wp-content\/uploads\/2018\/04\/Turbologias_vol1-pdf.jpg\" width=\"70\"> Turbolog\u00edas 1<\/a>\n\n<hr>\n\n<a href=\"\/wp-content\/uploads\/2018\/04\/Turbologias_No2.pdf\"> <img src=\"http:\/\/www.pess.com\/wp-content\/uploads\/2018\/04\/Turbologias_No2-pdf.jpg\" width=\"70\"> Turbolog\u00edas 2<\/a>\n\n<hr>\n\n<a href=\"\/wp-content\/uploads\/2018\/04\/Turbologias_vol3.pdf\"> <img src=\"http:\/\/www.pess.com\/wp-content\/uploads\/2018\/04\/Turbologias_vol3-pdf.jpg\" width=\"80\"> Turbolog\u00edas 3<\/a>\n\n<hr>\n\n<a href=\"wp-content\/uploads\/2018\/04\/Turbologias_No5.pdf\"> <img src=\"http:\/\/www.pess.com\/wp-content\/uploads\/2018\/04\/Turbologias_No5.png\" width=\"80\"> Turbolog\u00edas 5<\/a>\n\n<\/div>\n<\/div>\n<\/div>\n<\/div>\n<\/div>\n<\/div>\n<\/div>\n<\/div>\n<\/div>","protected":false},"excerpt":{"rendered":"Blog Turbolog\u00edas 1 Turbolog\u00edas 2 Turbolog\u00edas 3 Turbolog\u00edas 5","protected":false},"author":2,"featured_media":0,"parent":0,"menu_order":0,"comment_status":"closed","ping_status":"closed","template":"","meta":[],"_links":{"self":[{"href":"https:\/\/www.pess.com\/es\/wp-json\/wp\/v2\/pages\/139"}],"collection":[{"href":"https:\/\/www.pess.com\/es\/wp-json\/wp\/v2\/pages"}],"about":[{"href":"https:\/\/www.pess.com\/es\/wp-json\/wp\/v2\/types\/page"}],"author":[{"embeddable":true,"href":"https:\/\/www.pess.com\/es\/wp-json\/wp\/v2\/users\/2"}],"replies":[{"embeddable":true,"href":"https:\/\/www.pess.com\/es\/wp-json\/wp\/v2\/comments?post=139"}],"version-history":[{"count":69,"href":"https:\/\/www.pess.com\/es\/wp-json\/wp\/v2\/pages\/139\/revisions"}],"predecessor-version":[{"id":340,"href":"https:\/\/www.pess.com\/es\/wp-json\/wp\/v2\/pages\/139\/revisions\/340"}],"wp:attachment":[{"href":"https:\/\/www.pess.com\/es\/wp-json\/wp\/v2\/media?parent=139"}],"curies":[{"name":"wp","href":"https:\/\/api.w.org\/{rel}","templated":true}]}}