{"id":14,"date":"2018-01-14T16:09:52","date_gmt":"2018-01-14T16:09:52","guid":{"rendered":"http:\/\/www.pess.com\/?page_id=14"},"modified":"2018-04-06T21:20:32","modified_gmt":"2018-04-06T21:20:32","slug":"servicios-de-campo","status":"publish","type":"page","link":"https:\/\/www.pess.com\/es\/soluciones\/servicios-de-campo\/","title":{"rendered":"Servicios de campo"},"content":{"rendered":"<div class=\"hero soluciones\">\r\n<div class=\"row\">\r\n<div class=\"large-12 columns\">\r\n<h1 class=\"animated fadeIn white-text\">Servicios de Campo<\/h1>\r\n<\/div>\r\n<\/div>\r\n<\/div>\r\n<!--- \/.hero --->\r\n\r\n<div class=\"m-soluciones bg-gray-grad wow animated fadeIn\">\r\n  \r\n<div class=\"row\">\r\n  <div class=\"large-12 columns large-centered\">\r\n    \r\n    <div class=\"large-3 medium-3 columns\">\r\n      <div class=\"menu-soluciones-item current\">\r\n      <a href=\"http:\/\/www.pess.com\/soluciones\/servicios-de-campo\">\r\n        <div class=\"sol-img sol-1\"><\/div><h4>Servicios de Campo<\/h4>\r\n      <\/a>\r\n      <\/div>\r\n    <\/div>\r\n    \r\n    <div class=\"large-3 medium-3 columns\">\r\n      <div class=\"menu-soluciones-item\">\r\n        <a href=\"http:\/\/www.pess.com\/soluciones\/proyectos\">\r\n      <div class=\"sol-img sol-2\"><\/div><h4>Proyectos\/Automatizaci\u00f3n<\/h4>\r\n        <\/a>\r\n      <\/div>\r\n    <\/div>\r\n    \r\n    <div class=\"large-3 medium-3 columns\">\r\n      <div class=\"menu-soluciones-item\">\r\n        <a href=\"http:\/\/www.pess.com\/soluciones\/refaccionamiento\">\r\n      <div class=\"sol-img sol-4\"><\/div><h4>Refaccionamiento<\/h4>\r\n        <\/a>\r\n      <\/div>\r\n    <\/div>\r\n    \r\n    <div class=\"large-3 medium-3 columns\">\r\n      <div class=\"menu-soluciones-item\">\r\n        <a href=\"http:\/\/www.pess.com\/soluciones\/plantas-moviles\">\r\n      <div class=\"sol-img sol-3\"><\/div><h4>Plantas M\u00f3viles<\/h4>\r\n        <\/a>\r\n      <\/div>\r\n    <\/div>\r\n    \r\n  <\/div>\r\n<\/div><!--- \/row menu-soluciones --->\r\n\r\n<\/div><!--- \/.menu-soluciones --->\r\n\r\n<!--- \/.menu-soluciones --->\r\n<div class=\"menu-soluciones-m show-for-small-only\">\r\n<div class=\"row\">\r\n<div class=\"small-12 columns\">\r\n\r\n<select name=\"selector\" onchange=\"location = this.value;\">\r\n<option value=\"http:\/\/www.pess.com\/soluciones\/servicios-de-campo\">Servicios de Campo<\/option>\r\n<option value=\"http:\/\/www.pess.com\/soluciones\/proyectos\">Proyectos\/Automatizaci\u00f3n<\/option>\r\n<option value=\"http:\/\/www.pess.com\/soluciones\/refaccionamiento\">Refaccionamiento<\/option>\r\n<option value=\"http:\/\/www.pess.com\/soluciones\/plantas-moviles\">Plantas M\u00f3viles<\/option>\r\n<\/select>\r\n\r\n<\/div>\r\n<\/div>\r\n<!--- \/row menu-soluciones --->\r\n\r\n<\/div>\r\n<!--- \/.menu-soluciones-m --->\r\n<div class=\"block content\">\r\n<div class=\"row\">\r\n<div class=\"large-7 medium-9 columns large-centered medium-centered\">\r\n\r\n&nbsp;\r\n<p class=\"subtitle\">Servicios de Diagn\u00f3stico e Inspecci\u00f3n<\/p>\r\n&nbsp;\r\n\r\n&nbsp;\r\n\r\n<\/div>\r\n<\/div>\r\n<div class=\"row\">\r\n<div class=\"large-7 medium-9 columns large-centered medium-centered\">\r\n<h2>Boroscop\u00edas<\/h2>\r\n\r\n<hr \/>\r\n\r\n<strong>Power Engineering Services and Solutions<\/strong> utiliza la m\u00e1s avanzada tecnolog\u00eda en inspecci\u00f3n visual remota, ofrece el servicio en campo, para la inspecci\u00f3n interna de maquinaria por medio de equipo de boroscop\u00eda, en el momento justo.\r\n\r\nEl servicio de inspecci\u00f3n ayudar\u00e1 al usuario a conocer de forma inmediata el estado de integridad de sus equipos, permiti\u00e9ndole a su personal ser testigo de las condiciones en que se encuentra su maquinaria, optimizando el tiempo para la toma de decisiones.\r\n\r\n<strong>PESS<\/strong> cuenta con alta tecnolog\u00eda y para sus servicios ofrece especialistas en el \u00e1rea los cuales cuenta con un boroscopio digitales Olympus.\r\n<p class=\"animated fadeIn\"><img src=\"..\/..\/wp-content\/themes\/intentionally-blank\/img\/servicios-de-campo-0.jpg\" \/><\/p>\r\n\r\n<h3>Fotograf\u00eda de Alta Resoluci\u00f3n y Video<\/h3>\r\n<ul>\r\n \t<li>Fotograf\u00edas<\/li>\r\n \t<li>Base de datos de im\u00e1genes en l\u00ednea<\/li>\r\n \t<li>Eficiente manera para mejorar el Programa de Mantenimiento Predictivo<\/li>\r\n<\/ul>\r\n<h3>\u00bfDegradaci\u00f3n de Maquinaria?<\/h3>\r\n<ul>\r\n \t<li>Conoce la condici\u00f3n de su equipo y mejora la planeaci\u00f3n del mantenimiento<\/li>\r\n \t<li>PESS utiliza equipo de tecnolog\u00eda de punta para sus inspecciones<\/li>\r\n<\/ul>\r\n<h3>Conoce la Integridad del Equipo<\/h3>\r\n<ul>\r\n \t<li>Descubre fisuras, erosi\u00f3n, oxidaci\u00f3n, fatiga t\u00e9rmica y da\u00f1os internos en turbo maquinaria y equipos<\/li>\r\n \t<li>Registro de da\u00f1os por objetos extra\u00f1os (FOD) en componentes internos<\/li>\r\n \t<li>Comparaci\u00f3n lado a lado de im\u00e1genes de inspecciones previas, identificando cambios con la condici\u00f3n actual<\/li>\r\n \t<li>Identificaci\u00f3n de dep\u00f3sitos y material externo dentro de Turbina, Motor, Generador, Caldera, etc\u2026<\/li>\r\n<\/ul>\r\n<h3>Monitoreo de Condici\u00f3n de Maquinaria<\/h3>\r\n<ul>\r\n \t<li>Actualizaci\u00f3n de la flota de equipo a Maquinaria Inteligente utilizando tecnolog\u00eda avanzada y datos estad\u00edsticos de proceso<\/li>\r\n \t<li>An\u00e1lisis y diagn\u00f3stico de fallas potenciales<\/li>\r\n \t<li>Rastreo hist\u00f3rico de desempe\u00f1o de componentes<\/li>\r\n \t<li>Identificaci\u00f3n real de l\u00edmites de ciclo de vida de piezas<\/li>\r\n<\/ul>\r\n<h3>Disminuci\u00f3n en Costos de Mantenimiento<\/h3>\r\n<ul>\r\n \t<li>Mejora significante en Retorno Sobre Activos (ROA)<\/li>\r\n \t<li>Historial automatizado de mantenimiento espec\u00edfico a la m\u00e1quina<\/li>\r\n \t<li>Rastreo por n\u00famero de serie de activos, incluyendo su propio portafolio de reportes de mantenimiento<\/li>\r\n \t<li>Programa del trabajo en particular al activo \u0093Que es lo que se necesita hacer\u0094 y \u0093Cuando se necesita hacer\u0094<\/li>\r\n \t<li>Los componentes son identificados por el uso y severidad en su l\u00edmite de vida<\/li>\r\n<\/ul>\r\n<h3>Programa de Mantenimiento Predictivo<\/h3>\r\n<ul>\r\n \t<li>El personal de mantenimiento conocer\u00e1 los detalles de cada inspecci\u00f3n y las condiciones de la flota de m\u00e1quinas<\/li>\r\n \t<li>Los operadores de la planta conocer\u00e1n de forma adelantada una situaci\u00f3n indeseada<\/li>\r\n<\/ul>\r\n<div class=\"bg-gray enf\">\r\n<h3>Ejemplo de Im\u00e1genes<\/h3>\r\nEste Servicio se enfoca en tomar en consideraci\u00f3n los problemas t\u00edpicos de una planta generadora. Una serie de soluciones han sido dise\u00f1adas para presentar y recopilar informaci\u00f3n la cual facilitar\u00e1 la detecci\u00f3n y previsi\u00f3n de los problemas.\r\n\r\n&nbsp;\r\n<div class=\"row\">\r\n<div class=\"large-6 medium-12 small-12 columns\">\r\n<p class=\"animated fadeIn\"><img src=\"..\/..\/wp-content\/themes\/intentionally-blank\/img\/servicios-de-campo-1.jpg\" \/><\/p>\r\n\r\n<\/div>\r\n<div class=\"large-6 medium-12 small-12 columns\">\r\n\r\nGrietas axiales con longitud de 1 y 2 pulgadas observadas en la secci\u00f3n de succi\u00f3n en la primera etapa de una turbina de gas 7FA+e.\r\n\r\n<\/div>\r\n<\/div>\r\n<div class=\"row\">\r\n<div class=\"large-6 medium-12 small-12 columns\">\r\n<p class=\"animated fadeIn\"><img src=\"..\/..\/wp-content\/themes\/intentionally-blank\/img\/servicios-de-campo-2.jpg\" \/><\/p>\r\n\r\n<\/div>\r\n<div class=\"large-6 medium-12 small-12 columns\">\r\n\r\nCondici\u00f3n general en el borde de la primera etapa de los \u00e1labes de una turbina de gas 7FA+e.\r\n\r\n<\/div>\r\n<\/div>\r\n<div class=\"row\">\r\n<div class=\"large-6 medium-12 small-12 columns\">\r\n<p class=\"animated fadeIn\"><img src=\"..\/..\/wp-content\/themes\/intentionally-blank\/img\/servicios-de-campo-3.jpg\" \/><\/p>\r\n\r\n<\/div>\r\n<div class=\"large-6 medium-12 small-12 columns\">\r\n\r\nVista del filo de la primera etapa de toberas de una turbina de gas 7FA+e.\r\n\r\n<\/div>\r\n<\/div>\r\n<div class=\"row\">\r\n<div class=\"large-6 medium-12 small-12 columns\">\r\n<p class=\"animated fadeIn\"><img src=\"..\/..\/wp-content\/themes\/intentionally-blank\/img\/servicios-de-campo-4.jpg\" \/><\/p>\r\n\r\n<\/div>\r\n<div class=\"large-6 medium-12 small-12 columns\">\r\n\r\nP\u00e9rdida de material causada por la oxidaci\u00f3n. 1\u00aa etapa de \u00e1labes de turbina de gas 7FA+e.\r\n\r\n<\/div>\r\n<\/div>\r\n<div class=\"row\">\r\n<div class=\"large-6 medium-12 small-12 columns\">\r\n<p class=\"animated fadeIn\"><img src=\"..\/..\/wp-content\/themes\/intentionally-blank\/img\/servicios-de-campo-5.jpg\" \/><\/p>\r\n\r\n<\/div>\r\n<div class=\"large-6 medium-12 small-12 columns\">\r\n\r\nAlta p\u00e9rdida de material causada por oxidaci\u00f3n en la parte interior de las paredes de la primera etapa de los \u00e1labes de una turbina de gas 7FA+e.\r\n\r\n<\/div>\r\n<\/div>\r\n<div class=\"row\">\r\n<div class=\"large-6 medium-12 small-12 columns\">\r\n<p class=\"animated fadeIn\"><img src=\"..\/..\/wp-content\/themes\/intentionally-blank\/img\/servicios-de-campo-6.jpg\" \/><\/p>\r\n\r\n<\/div>\r\n<div class=\"large-6 medium-12 small-12 columns\">\r\n\r\nVista de los IGVs de una turbina 7FA+e.\r\n\r\n<\/div>\r\n<\/div>\r\n<div class=\"row\">\r\n<div class=\"large-6 medium-12 small-12 columns\">\r\n<p class=\"animated fadeIn\"><img src=\"..\/..\/wp-content\/themes\/intentionally-blank\/img\/servicios-de-campo-7.jpg\" \/><\/p>\r\n\r\n<\/div>\r\n<div class=\"large-6 medium-12 small-12 columns\">\r\n\r\nVista de \u00e1labe de 1a etapa del rotor de compresor de una turbina de gas 7FA+e.\r\n\r\n<\/div>\r\n<\/div>\r\n<div class=\"row\">\r\n<div class=\"large-6 medium-12 small-12 columns\">\r\n<p class=\"animated fadeIn\"><img src=\"..\/..\/wp-content\/themes\/intentionally-blank\/img\/servicios-de-campo-8.jpg\" \/><\/p>\r\n\r\n<\/div>\r\n<div class=\"large-6 medium-12 small-12 columns\">\r\n\r\nFilo de \u00e1labe da\u00f1ado en la 2a etapa de una turbina de gas 7EA.\r\n\r\n<\/div>\r\n<\/div>\r\n<\/div>\r\n<h2>An\u00e1lisis de Vibraciones<\/h2>\r\n\r\n<hr \/>\r\n\r\nIncrementa la confiabilidad, conociendo de forma precisa la integridad din\u00e1mica de una m\u00e1quina, mediante an\u00e1lisis de vibraciones con los ingenieros experimentados de PESS. Reduce el riesgo de falla de turbom\u00e1quinas, con tu sistema de monitoreo y protecci\u00f3n perfectamente calibrados.\r\n\r\n<\/div>\r\n<\/div>\r\n&nbsp;\r\n<div class=\"row\">\r\n<div class=\"large-7 medium-9 columns large-centered medium-centered\">\r\n\r\nEspecialistas disponibles para paros y arranques planeados. As\u00ed como para emergencias.\r\n<br><br>\r\nBeneficios:<br>\r\n\r\nCaracter\u00edsticas:<br>\r\n\r\n<strong>Problemas Comunes de Vibraci\u00f3n<\/strong>\r\n<ul>\r\n \t<li>Correcci\u00f3n a desbalance, alineaci\u00f3n, inestabilidad en lubricaci\u00f3n, rozamiento, etc.<\/li>\r\n \t<li>Calibraci\u00f3n a equipos de monitoreo y sensores.<\/li>\r\n<\/ul>\r\n<strong>\u00bfDegradaci\u00f3n de Maquinaria?<\/strong>\r\n<ul>\r\n \t<li>Conoce la condici\u00f3n de su equipo y mejora la planeaci\u00f3n del mantenimiento.<\/li>\r\n \t<li>Ayuda a preparar el suministro de componentes previos a los mantenimientos programados, conociendo de manera precisa da\u00f1os particulares.<\/li>\r\n<\/ul>\r\n<strong>Conoce la Integridad del Equipo<\/strong>\r\n<ul>\r\n \t<li>Descubre fisuras, fatiga t\u00e9rmica y da\u00f1os internos en turbo maquinaria y equipos.<\/li>\r\n \t<li>Identificaci\u00f3n de cambios en la din\u00e1mica del rotor y curvas tiempo-falla.<\/li>\r\n<\/ul>\r\n<strong>Monitoreo de Condici\u00f3n de Maquinaria<\/strong>\r\n<ul>\r\n \t<li>Actualizaci\u00f3n de la flota de equipo a Maquinaria Inteligente utilizando tecnolog\u00eda avanzada y datos estad\u00edsticos de proceso.<\/li>\r\n \t<li>An\u00e1lisis y diagn\u00f3stico de fallas potenciales.<\/li>\r\n \t<li>Rastreo hist\u00f3rico de desempe\u00f1o din\u00e1mico<\/li>\r\n<\/ul>\r\n<strong>Disminuci\u00f3n en Costos de Mantenimiento<\/strong>\r\n<ul>\r\n \t<li>Se logra mayor disponibilidad, al tener la m\u00e1quina en condici\u00f3n \u00f3ptima.<\/li>\r\n \t<li>La m\u00e1quina alcanza sin problemas su ciclo de operaci\u00f3n entre mantenimientos.<\/li>\r\n<\/ul>\r\n<strong>Programa de Mantenimiento Predictivo<\/strong>\r\n<ul>\r\n \t<li>Con diagn\u00f3stico de vibraciones es posible prever fallas y evitarlas antes de que se presenten.<\/li>\r\n \t<li>Se cuenta con programa de adquisici\u00f3n de datos mensual, semestral de todos los equipos rotativos, incluidos motores, bombas, etc.<\/li>\r\n<\/ul>\r\n&nbsp;\r\n\r\n&nbsp;\r\n\r\n&nbsp;\r\n<p class=\"animated fadeIn\"><a href=\"http:\/\/www.pess.com\/wp-content\/uploads\/2018\/03\/analisisvibraciones.png\"><img loading=\"lazy\" class=\" wp-image-170 aligncenter\" src=\"http:\/\/www.pess.com\/wp-content\/uploads\/2018\/03\/analisisvibraciones-300x77.png\" alt=\"\" width=\"521\" height=\"134\" srcset=\"https:\/\/www.pess.com\/es\/wp-content\/uploads\/2018\/03\/analisisvibraciones-300x77.png 300w, https:\/\/www.pess.com\/es\/wp-content\/uploads\/2018\/03\/analisisvibraciones-768x197.png 768w, https:\/\/www.pess.com\/es\/wp-content\/uploads\/2018\/03\/analisisvibraciones.png 900w\" sizes=\"(max-width: 521px) 100vw, 521px\" \/><\/a><\/p>\r\n&nbsp;\r\n<h2>Mantenimientos a Turbomaquinaria en Campo<\/h2>\r\n\r\n<hr \/>\r\n\r\n<h3>Mec\u00e1nico<\/h3>\r\nEl mantenimiento mec\u00e1nico asegura que las partes del equipo rotativo (turbinas y compresores) operen dentro de los par\u00e1metros especificados por el fabricante, evitando con esto desgaste excesivo de los componentes que puede derivar en una falla mayor del equipo. (Mantenimiento mayor, inspecci\u00f3n de combusti\u00f3n, inspecci\u00f3n de partes calientes, reparaci\u00f3n de componentes)\r\n<h3>Control e Instrumentaci\u00f3n<\/h3>\r\nMantenimiento y resoluci\u00f3n al control e instrumentaci\u00f3n del equipo. Estos procedimientos son vitales para contar con una operaci\u00f3n confiable y asegurar una alta disponibilidad del Equipo. (Calibraci\u00f3n de Instrumentaci\u00f3n, detecci\u00f3n de fallas en el sistema de control, etc.)\r\n<p class=\"animated fadeIn\"><img src=\"..\/..\/wp-content\/themes\/intentionally-blank\/img\/servicios-de-campo-10.jpg\" \/><\/p>\r\n\r\n<h2>Mantenimientos a Generadores El\u00e9ctricos<\/h2>\r\n\r\n<hr \/>\r\n\r\nMantenimiento del sistema el\u00e9ctrico del equipo de generaci\u00f3n. Este mantenimiento previene que fallas mayores ocurran en el equipo el\u00e9ctrico.\r\n\r\nPESS brinda servicio a la mayoria de los generadores en la industria en aplicaciones como:\r\n<ul>\r\n \t<li>Turbinas de Vapor<\/li>\r\n \t<li>Turbinas de Gas<\/li>\r\n \t<li>Hidro\u00e9lectricas<\/li>\r\n \t<li>Motores Diesel<\/li>\r\n \t<li>Turbinas Eolicas<\/li>\r\n<\/ul>\r\n<h2>Servicios de Diagn\u00f3stico e Inspecci\u00f3n<\/h2>\r\n\r\n<hr \/>\r\n\r\n<h3>Boroscop\u00eda<\/h3>\r\nPor medio de un boroscopio, se inspecciona los componentes internos del equipo para asegurar su integridad sin la necesidad de desensamblar el equipo.\r\n<h3>An\u00e1lisis de Vibraciones<\/h3>\r\nEste servicio detecta problemas con las vibraciones del equipo rotativo. A trav\u00e9s de la informaci\u00f3n recabada, se diagnostica la falla y se emiten las recomendaciones pertinentes para eliminar la vibraci\u00f3n (ej. balanceo, alineaci\u00f3n, etc)\r\n<h3>Pruebas no Destructivas<\/h3>\r\nPrueba de tintas penetrantes o part\u00edculas magn\u00e9ticas que ayudan a diagnosticar la integridad de los componentes.\r\n<h3>Pruebas de Desempe\u00f1o T\u00e9rmico<\/h3>\r\nEval\u00faa el desempe\u00f1o t\u00e9rmico del equipo en t\u00e9rminos de potencia y consumo calor\u00edfico y emite recomendaciones para optimizar la operaci\u00f3n.\r\n<h3>Cursos de Capacitaci\u00f3n<\/h3>\r\nPESS ha dise\u00f1ado los siguientes cursos orientados a usuarios, operadores, jefes de turno y mantenimiento.\r\n<ul>\r\n \t<li>Operaci\u00f3n y Mantenimiento de Turbinas de Gas<\/li>\r\n \t<li>Sistemas de Control de Turbinas<\/li>\r\n \t<li>Sistemas de Excitaci\u00f3n<\/li>\r\n<\/ul>\r\nEstos cursos se adecuan para cada cliente en base a la configuraci\u00f3n de su planta.\r\n<h2>Pruebas de Desempe\u00f1o T\u00e9rmico<\/h2>\r\n\r\n<hr \/>\r\n\r\nLas pruebas de desempe\u00f1o t\u00e9rmico en turbinas de gas es una herramienta importante en la toma de decisiones y ayuda a reducir la incertidumbre tanto en los costos de generaci\u00f3n como el impacto econ\u00f3mico de alguna modificaci\u00f3n en la turbina de gas.\r\n\r\n<center><a href=\"http:\/\/www.pess.com\/wp-content\/uploads\/2018\/03\/MG_0948.1.jpg\"><img loading=\"lazy\" class=\"wp-image-159 aligncenter\" src=\"http:\/\/www.pess.com\/wp-content\/uploads\/2018\/03\/MG_0948.1-300x200.jpg\" alt=\"\" width=\"604\" height=\"402\" srcset=\"https:\/\/www.pess.com\/es\/wp-content\/uploads\/2018\/03\/MG_0948.1-300x200.jpg 300w, https:\/\/www.pess.com\/es\/wp-content\/uploads\/2018\/03\/MG_0948.1-768x512.jpg 768w, https:\/\/www.pess.com\/es\/wp-content\/uploads\/2018\/03\/MG_0948.1-1024x683.jpg 1024w\" sizes=\"(max-width: 604px) 100vw, 604px\" \/><\/a><\/center>\r\n<h3>Pruebas de Desempe\u00f1o para Turbinas de Gas<\/h3>\r\n<ul>\r\n \t<li>Prueba de Desempe\u00f1o Delta<\/li>\r\n \t<li>Pruebas previas y posteriores a un paro programado.<\/li>\r\n \t<li>Prueba de Desempe\u00f1o Absoluto<\/li>\r\n \t<li>Referencia de cada unidad (diferente a la de dise\u00f1o); se utiliza para una acertada toma de decisiones.<\/li>\r\n \t<li>Evaluaci\u00f3n de Desempe\u00f1o basada en Protocolo ASME PTC 22<\/li>\r\n \t<li>Para validar la garant\u00edas en unidades nuevas y modernizadas.<\/li>\r\n \t<li>Calibraci\u00f3n de Instrumentos de Precisi\u00f3n y de Planta<\/li>\r\n \t<li>Para evitar las desviaciones m\u00ednimas en ciertas lecturas que ocasionan ineficiencias en la operaci\u00f3n.<\/li>\r\n<\/ul>\r\n<h3>Monitoreo de Desempe\u00f1o para Turbinas de Gas<\/h3>\r\n<h3>Consultor\u00ed\u00ada en Desempe\u00f1o de Plantas de Generaci\u00f3n El\u00e9ctrica<\/h3>\r\n&nbsp;\r\n\r\n&nbsp;\r\n<p class=\"animated fadeIn\"><a href=\"http:\/\/www.pess.com\/wp-content\/uploads\/2018\/03\/MG_1110.1.jpg\"><img loading=\"lazy\" class=\"wp-image-177 aligncenter\" src=\"http:\/\/www.pess.com\/wp-content\/uploads\/2018\/03\/MG_1110.1-300x200.jpg\" alt=\"\" width=\"603\" height=\"402\" srcset=\"https:\/\/www.pess.com\/es\/wp-content\/uploads\/2018\/03\/MG_1110.1-300x200.jpg 300w, https:\/\/www.pess.com\/es\/wp-content\/uploads\/2018\/03\/MG_1110.1-768x512.jpg 768w, https:\/\/www.pess.com\/es\/wp-content\/uploads\/2018\/03\/MG_1110.1-1024x683.jpg 1024w\" sizes=\"(max-width: 603px) 100vw, 603px\" \/><\/a><\/p>\r\n&nbsp;\r\n<h3>Evaluaci\u00f3n T\u00e9rmico-Econ\u00f3mica<\/h3>\r\n<h3>Prueba de Desempe\u00f1o Delta<\/h3>\r\n<ul>\r\n \t<li>Establecer costos de producci\u00f3n<\/li>\r\n \t<li>Determinar m\u00e1rgenes de operaci\u00f3n<\/li>\r\n \t<li>Evaluar condiciones del mercado<\/li>\r\n \t<li>Determinar Retorno de la Inversi\u00f3n de actividades de mantenimiento y operaci\u00f3n<\/li>\r\n<\/ul>\r\n<h3>Evaluaci\u00f3n Desempe\u00f1o T\u00e9rmico<\/h3>\r\n<ul>\r\n \t<li>Evaluaci\u00f3n meramente t\u00e9cnica<\/li>\r\n \t<li>Entender el desempe\u00f1o t\u00e9rmico a diferentes condiciones ambientales<\/li>\r\n \t<li>Evaluar \u00e1reas de oportunidad para mejorar el desempe\u00f1o t\u00e9rmico<\/li>\r\n \t<li>Tener una escala para comparar desempe\u00f1o t\u00e9rmico de diferentes turbinas<\/li>\r\n \t<li>Validar garant\u00ed\u00adas de desempe\u00f1o t\u00e9rmico<\/li>\r\n<\/ul>\r\n<h3>Beneficios<\/h3>\r\n<ul>\r\n \t<li>Entendimiento sobre las consecuencias de pr\u00e1cticas operativas actuales<\/li>\r\n \t<li>Validaci\u00f3n de cambios en el desempe\u00f1o despu\u00e9s de mantenimientos programados (Inspecciones de Combusti\u00f3n, Gases Calientes, Mayores, etc.)<\/li>\r\n<\/ul>\r\n<\/div>\r\n<\/div>\r\n<\/div>\r\n<div class=\"block contact-bot\">\r\n<div class=\"row wow animated fadeInUp\">\r\n<div class=\"large-7 columns large-centered\">\r\n<h2>Cont\u00e1ctenos<\/h2>\r\n<p class=\"subtitle\">Si desea cotizar nuestros servicios, resolver interrogantes o hacernos llegar sus comentarios, no dude en contactarnos.<\/p>\r\n<p class=\"text-center\"><a class=\"button hollow\" href=\"mailto:info@pess.com\">info@pess.com<\/a><\/p>\r\n\r\n<\/div>\r\n<\/div>\r\n<\/div>","protected":false},"excerpt":{"rendered":"Servicios de Campo Servicios de Campo Proyectos\/Automatizaci\u00f3n Refaccionamiento Plantas M\u00f3viles Servicios de Campo Proyectos\/Automatizaci\u00f3n Refaccionamiento Plantas M\u00f3viles &nbsp; Servicios de Diagn\u00f3stico e Inspecci\u00f3n &nbsp; &nbsp; Boroscop\u00edas Power Engineering Services and Solutions utiliza la m\u00e1s avanzada tecnolog\u00eda en inspecci\u00f3n visual remota, ofrece el servicio en campo, para la inspecci\u00f3n interna de maquinaria por medio de equipo [&hellip;]","protected":false},"author":1,"featured_media":0,"parent":16,"menu_order":0,"comment_status":"closed","ping_status":"closed","template":"","meta":[],"_links":{"self":[{"href":"https:\/\/www.pess.com\/es\/wp-json\/wp\/v2\/pages\/14"}],"collection":[{"href":"https:\/\/www.pess.com\/es\/wp-json\/wp\/v2\/pages"}],"about":[{"href":"https:\/\/www.pess.com\/es\/wp-json\/wp\/v2\/types\/page"}],"author":[{"embeddable":true,"href":"https:\/\/www.pess.com\/es\/wp-json\/wp\/v2\/users\/1"}],"replies":[{"embeddable":true,"href":"https:\/\/www.pess.com\/es\/wp-json\/wp\/v2\/comments?post=14"}],"version-history":[{"count":75,"href":"https:\/\/www.pess.com\/es\/wp-json\/wp\/v2\/pages\/14\/revisions"}],"predecessor-version":[{"id":350,"href":"https:\/\/www.pess.com\/es\/wp-json\/wp\/v2\/pages\/14\/revisions\/350"}],"up":[{"embeddable":true,"href":"https:\/\/www.pess.com\/es\/wp-json\/wp\/v2\/pages\/16"}],"wp:attachment":[{"href":"https:\/\/www.pess.com\/es\/wp-json\/wp\/v2\/media?parent=14"}],"curies":[{"name":"wp","href":"https:\/\/api.w.org\/{rel}","templated":true}]}}