{"id":16,"date":"2018-01-14T16:12:25","date_gmt":"2018-01-14T16:12:25","guid":{"rendered":"http:\/\/www.pess.com\/?page_id=16"},"modified":"2018-04-12T19:04:55","modified_gmt":"2018-04-13T00:04:55","slug":"soluciones","status":"publish","type":"page","link":"https:\/\/www.pess.com\/es\/soluciones\/","title":{"rendered":"Soluciones"},"content":{"rendered":"<div class=\"hero soluciones\">\r\n<div class=\"row\">\r\n<div class=\"large-12 columns\">\r\n<h1 class=\"animated fadeIn white-text\">Nuestras Soluciones<\/h1>\r\n<p class=\"subtitle white-text hide\">Portafolio de Soluciones para Centrales de Generaci\u00f3n.<\/p>\r\n\r\n<\/div>\r\n<\/div>\r\n<\/div>\r\n<!--- \/.hero --->\r\n\r\n<div class=\"menu-soluciones-m show-for-small-only\">\r\n<div class=\"row\">\r\n<div class=\"small-12 columns\">\r\n\r\n<select name=\"selector\" onchange=\"location = this.value;\">\r\n<option value=\"\/home\/soluciones\/soluciones\">Servicios en Sitio<\/option>\r\n<option value=\"\/home\/soluciones\/proyectos\">Proyectos de Ingenier\u00eda<\/option>\r\n<option value=\"\/soluciones\/plantas-moviles\">Plantas M\u00f3viles<\/option>\r\n<option value=\"\/soluciones\/refaccionamiento\">Reparaciones y Refacciones<\/option>\r\n<\/select>\r\n\r\n<\/div>\r\n<\/div>\r\n<!--- \/row menu-soluciones --->\r\n\r\n<\/div>\r\n<!--- \/.menu-soluciones-m --->\r\n<div class=\"block content\">\r\n<div class=\"row\">\r\n<div class=\"large-7 medium-9 columns large-centered medium-centered\">\r\n<p class=\"subtitle\">PESS ofrece a sus clientes servicios de campo y de ingenier\u00eda logrando soluciones integrales para la operaci\u00f3n y mantenimiento de plantas de generaci\u00f3n de energ\u00eda el\u00e9ctrica. Categorizamos nuestras soluciones de la siguiente manera:<\/p>\r\n\r\n<h2>Nuestras soluciones est\u00e1n enfocadas a:<\/h2>\r\n<ul>\r\n \t<li>Plantas Termoel\u00e9ctricas \u2013 Ciclos Combinados, Convencionales<\/li>\r\n \t<li>Plantas de Cogeneraci\u00f3n<\/li>\r\n \t<li>Turbinas de Gas Industriales y Aeroderivadas<\/li>\r\n \t<li>Turbinas de Vapor<\/li>\r\n \t<li>Generadores El\u00e9ctricos<\/li>\r\n<\/ul>\r\n<\/div>\r\n<\/div>\r\n<div class=\"block block-soluciones\">\r\n<div class=\"row back-soluciones\">\r\n<div class=\"large-12 columns\">\r\n<div class=\"large-6 medium-6 columns wow animated fadeInLeft\">\r\n<div class=\"sol-img sol-1\"><\/div>\r\n<h3><a href=\"\/soluciones\/servicios-de-campo\">Servicios de Campo<\/a><\/h3>\r\nMantenimientos llave en mano, asesor\u00edas t\u00e9cnicas, planeaci\u00f3n de mantenimientos, inspecciones especializadas, capacitaciones.\r\n\r\n<br><a class=\"button hollow\" href=\"\/soluciones\/servicios-de-campo\">Ver m\u00e1s<\/a>\r\n\r\n<\/div>\r\n<div class=\"large-6 medium-6 columns wow animated fadeInRight\">\r\n<div class=\"sol-img sol-2\"><\/div>\r\n<h3><a href=\"\/soluciones\/proyectos\">Proyectos<\/a><\/h3>\r\nActualizaci\u00f3n de sistemas de control, Interfaces Gr\u00e1ficas, Interfaces de comunicaci\u00f3n, Sistema de Vibraciones, Excitadores, Proyectos.\r\n\r\n<br><a class=\"button hollow\" href=\"\/soluciones\/proyectos\">Ver m\u00e1s<\/a>\r\n\r\n<\/div>\r\n<\/div>\r\n<\/div>\r\n<!--- \/.row --->\r\n<div class=\"row back-middle-soluciones\">\r\n<div><\/div>\r\n<\/div>\r\n<div class=\"row back-soluciones\">\r\n<div class=\"large-12 columns\">\r\n<div class=\"large-6 medium-6 columns wow animated fadeInLeft\">\r\n<div class=\"sol-img sol-4\"><\/div>\r\n<h3><a href=\"\/soluciones\/refaccionamiento\">Refaccionamiento<\/a><\/h3>\r\nSuministro de partes capitales, refaccionamiento, reparaci\u00f3n de componentes, tarjetas y componentes de sistemas de control.\r\n\r\n<br><a class=\"button hollow\" href=\"\/soluciones\/refaccionamiento\">Ver m\u00e1s<\/a>\r\n\r\n<\/div>\r\n<div class=\"large-6 medium-6 columns wow animated fadeInRight\">\r\n<div class=\"sol-img sol-3\"><\/div>\r\n<h3><a href=\"\/soluciones\/plantas-moviles\">Plantas M\u00f3viles<\/a><\/h3>\r\nSuministro, Renta y Operaci\u00f3n de Plantas de Generaci\u00f3n M\u00f3viles.\r\n\r\n<br><a class=\"button hollow\" href=\"\/home\/soluciones\/plantas-moviles\">Ver m\u00e1s<\/a>\r\n\r\n<\/div>\r\n<\/div>\r\n<\/div>\r\n<!--- \/.row --->\r\n\r\n<\/div>\r\n<!--- \/.block --->\r\n\r\n<\/div>\r\n<!--- \/.block --->\r\n<div class=\"block contact-bot\">\r\n<div class=\"row wow animated fadeInUp\">\r\n<div class=\"large-7 columns large-centered\">\r\n<h2>Cont\u00e1ctenos<\/h2>\r\n<p class=\"subtitle\">Si desea cotizar nuestros servicios, resolver interrogantes o hacernos llegar sus comentarios, no dude en contactarnos.<\/p>\r\n<p class=\"text-center\"><a class=\"button hollow\" href=\"mailto:info@pess.com\">info@pess.com<\/a><\/p>\r\n\r\n<\/div>\r\n<\/div>\r\n<\/div>\r\n<!--- \/.block --->","protected":false},"excerpt":{"rendered":"Nuestras Soluciones Portafolio de Soluciones para Centrales de Generaci\u00f3n. Servicios en Sitio Proyectos de Ingenier\u00eda Plantas M\u00f3viles Reparaciones y Refacciones PESS ofrece a sus clientes servicios de campo y de ingenier\u00eda logrando soluciones integrales para la operaci\u00f3n y mantenimiento de plantas de generaci\u00f3n de energ\u00eda el\u00e9ctrica. Categorizamos nuestras soluciones de la siguiente manera: Nuestras soluciones [&hellip;]","protected":false},"author":1,"featured_media":0,"parent":0,"menu_order":0,"comment_status":"closed","ping_status":"closed","template":"","meta":[],"_links":{"self":[{"href":"https:\/\/www.pess.com\/es\/wp-json\/wp\/v2\/pages\/16"}],"collection":[{"href":"https:\/\/www.pess.com\/es\/wp-json\/wp\/v2\/pages"}],"about":[{"href":"https:\/\/www.pess.com\/es\/wp-json\/wp\/v2\/types\/page"}],"author":[{"embeddable":true,"href":"https:\/\/www.pess.com\/es\/wp-json\/wp\/v2\/users\/1"}],"replies":[{"embeddable":true,"href":"https:\/\/www.pess.com\/es\/wp-json\/wp\/v2\/comments?post=16"}],"version-history":[{"count":11,"href":"https:\/\/www.pess.com\/es\/wp-json\/wp\/v2\/pages\/16\/revisions"}],"predecessor-version":[{"id":251,"href":"https:\/\/www.pess.com\/es\/wp-json\/wp\/v2\/pages\/16\/revisions\/251"}],"wp:attachment":[{"href":"https:\/\/www.pess.com\/es\/wp-json\/wp\/v2\/media?parent=16"}],"curies":[{"name":"wp","href":"https:\/\/api.w.org\/{rel}","templated":true}]}}