{"id":18,"date":"2018-01-14T16:17:02","date_gmt":"2018-01-14T16:17:02","guid":{"rendered":"http:\/\/www.pess.com\/?page_id=18"},"modified":"2018-01-29T23:10:39","modified_gmt":"2018-01-29T23:10:39","slug":"quienes-somos","status":"publish","type":"page","link":"https:\/\/www.pess.com\/es\/quienes-somos\/","title":{"rendered":"Quienes somos"},"content":{"rendered":"<div class=\"hero quienes-somos\">\r\n<div class=\"row\">\r\n<div class=\"large-12 columns\">\r\n<h1 class=\"animated fadeIn white-text\">Qui\u00e9nes Somos<\/h1>\r\n<p class=\"subtitle white-text hide\">Realizamos servicios de campo e ingenier\u00eda para la industria de generaci\u00f3n el\u00e9ctrica.<\/p>\r\n\r\n<\/div>\r\n<\/div>\r\n<\/div>\r\n<!--- \/.hero --->\r\n<div class=\"block content\">\r\n<div class=\"row\">\r\n<div class=\"large-7 medium-9 columns large-centered medium-centered\">\r\n<p class=\"subtitle\">Power Engineering Services and Solutions S.A. de C.V. es una compa\u00f1\u00eda cuyo principal objetivo es brindar los mejores servicios especializados para la industria de generaci\u00f3n de energ\u00eda el\u00e9ctrica. Somos una opci\u00f3n alterna a los fabricantes de equipos originales (OEM\u2019s) teniendo una mejor flexibilidad y un mejor tiempo de respuesta.<\/p>\r\n\r\n<h2>Un poco m\u00e1s sobre nosotros\u2026<\/h2>\r\nDesde el 2004 PESS ha sido proveedora de servicios y soluciones integrales a la industria de generaci\u00f3n el\u00e9ctrica. PESS cuenta con personal experimentado en equipos multi marca en las \u00e1reas: mec\u00e1nica, el\u00e9ctrica, control. Esto nos permite ofrecer a nuestros clientes una alternativa contra los OEM\u2019s para centrales de generaci\u00f3n de energ\u00eda el\u00e9ctrica en las \u00e1reas de:\r\n<ul>\r\n \t<li>Instalaci\u00f3n, Operaci\u00f3n y Mantenimiento de centrales generadoras.<\/li>\r\n \t<li>Suministro de refaccionamiento, reparaci\u00f3n y repotenciaci\u00f3n de turbogeneradores y equipos de generaci\u00f3n.<\/li>\r\n \t<li>Modernizaci\u00f3n de sistemas de control y Automatizaci\u00f3n de procesos.<\/li>\r\n \t<li>Capacitaci\u00f3n en operaci\u00f3n y mantenimiento de plantas de generaci\u00f3n.<\/li>\r\n \t<li>Suministro y operaci\u00f3n de plantas generadoras m\u00f3viles.<\/li>\r\n<\/ul>\r\n<div class=\"why animated fadeIn\">\r\n<h2>\u00bfPor qu\u00e9 PESS?<\/h2>\r\n<ul>\r\n \t<li>Mayor flexibilidad logrando ofrecer soluciones a la medida para cada cliente.<\/li>\r\n \t<li>Agilidad. Menores tiempo de respuesta a los clientes.<\/li>\r\n \t<li>Personal biling\u00fce, multidisciplinario, multi marca, con amplia experiencia y efectividad probada en campo.<\/li>\r\n \t<li>Alianzas con talleres de primer nivel logrando sinergia que se traduce en beneficios directos para el cliente.<\/li>\r\n<\/ul>\r\n<\/div>\r\n<h3>Misi\u00f3n<\/h3>\r\nLa misi\u00f3n de PESS es lograr la plena satisfacci\u00f3n del cliente, para ello se deber\u00e1:\r\n<ul>\r\n \t<li>Brindar servicios de alta calidad, facilitando una mayor rentabilidad al cliente.<\/li>\r\n \t<li>Contar con personal altamente competente.<\/li>\r\n \t<li>Seguir estrategias de creatividad e investigaci\u00f3n continua.<\/li>\r\n \t<li>Hacer uso eficiente de los recursos humanos, intelectuales y financieros.<\/li>\r\n \t<li>Fomentar el trabajo multidisciplinario y en equipo.<\/li>\r\n<\/ul>\r\n<h3>Valores Corporativos<\/h3>\r\nLos valores corporativos que gu\u00edan el desarrollo de la compa\u00f1\u00eda son claros y aplicados en todas y cada una de las acciones:\r\n<ul>\r\n \t<li>Enfoque al cliente: Satisfacer y anticipar las necesidades de los clientes.<\/li>\r\n \t<li>Calidad: Consistentemente exceder las expectativas del cliente.<\/li>\r\n \t<li>Trabajo en Equipo: Mantener un ambiente laboral basado en el respeto, comunicaci\u00f3n e integraci\u00f3n.<\/li>\r\n \t<li>Creatividad e Innovaci\u00f3n: Continuamente buscar nuevas ideas para crear y mejorar los productos y servicios.<\/li>\r\n \t<li>Integridad: Fomentar y preservar nuestros valores con \u00e9tica y honestidad.<\/li>\r\n<\/ul>\r\n<\/div>\r\n<\/div>\r\n<\/div>\r\n<!--- \/.block --->\r\n<div class=\"block contact-bot\">\r\n<div class=\"row wow animated fadeInUp\">\r\n<div class=\"large-7 columns large-centered\">\r\n<h2>Cont\u00e1ctenos<\/h2>\r\n<p class=\"subtitle\">Si desea cotizar nuestros servicios, resolver interrogantes o hacernos llegar sus comentarios, no dude en contactarnos.<\/p>\r\n<p class=\"text-center\"><a class=\"button hollow\" href=\"mailto:info@pess.com\">info@pess.com<\/a><\/p>\r\n\r\n<\/div>\r\n<\/div>\r\n<\/div>\r\n<!--- \/.block --->","protected":false},"excerpt":{"rendered":"Qui\u00e9nes Somos Realizamos servicios de campo e ingenier\u00eda para la industria de generaci\u00f3n el\u00e9ctrica. Power Engineering Services and Solutions S.A. de C.V. es una compa\u00f1\u00eda cuyo principal objetivo es brindar los mejores servicios especializados para la industria de generaci\u00f3n de energ\u00eda el\u00e9ctrica. Somos una opci\u00f3n alterna a los fabricantes de equipos originales (OEM\u2019s) teniendo una [&hellip;]","protected":false},"author":1,"featured_media":0,"parent":0,"menu_order":0,"comment_status":"closed","ping_status":"closed","template":"","meta":[],"_links":{"self":[{"href":"https:\/\/www.pess.com\/es\/wp-json\/wp\/v2\/pages\/18"}],"collection":[{"href":"https:\/\/www.pess.com\/es\/wp-json\/wp\/v2\/pages"}],"about":[{"href":"https:\/\/www.pess.com\/es\/wp-json\/wp\/v2\/types\/page"}],"author":[{"embeddable":true,"href":"https:\/\/www.pess.com\/es\/wp-json\/wp\/v2\/users\/1"}],"replies":[{"embeddable":true,"href":"https:\/\/www.pess.com\/es\/wp-json\/wp\/v2\/comments?post=18"}],"version-history":[{"count":3,"href":"https:\/\/www.pess.com\/es\/wp-json\/wp\/v2\/pages\/18\/revisions"}],"predecessor-version":[{"id":332,"href":"https:\/\/www.pess.com\/es\/wp-json\/wp\/v2\/pages\/18\/revisions\/332"}],"wp:attachment":[{"href":"https:\/\/www.pess.com\/es\/wp-json\/wp\/v2\/media?parent=18"}],"curies":[{"name":"wp","href":"https:\/\/api.w.org\/{rel}","templated":true}]}}