{"id":2,"date":"2018-01-12T13:09:35","date_gmt":"2018-01-12T13:09:35","guid":{"rendered":"http:\/\/www.pess.com\/?page_id=2"},"modified":"2018-04-12T23:09:23","modified_gmt":"2018-04-12T23:09:23","slug":"home","status":"publish","type":"page","link":"https:\/\/www.pess.com\/es\/","title":{"rendered":"Home"},"content":{"rendered":"<div class=\"hero home\">\r\n<div class=\"row\">\r\n<div class=\"large-12 columns\">\r\n<h1 class=\"animated fadeIn\">Power Engineering Services and Solutions<\/h1>\r\n<p class=\"subtitle\">Servicios de campo e ingenier\u00eda para la industria de generaci\u00f3n el\u00e9ctrica.<\/p>\r\n\r\n<\/div>\r\n<\/div>\r\n<div class=\"hero-bottom animated fadeIn\">\r\n<div class=\"row\">\r\n<div class=\"large-10 large-centered columns\">\r\n<p class=\"white-text\">PESS realiza servicios en sitio en diversas especialidades como mec\u00e1nica, el\u00e9ctrica y control para el mantenimiento y operaci\u00f3n de plantas generadoras de energ\u00eda el\u00e9ctrica; as\u00ed como servicios de ingenier\u00eda para el dise\u00f1o, repotenciaci\u00f3n y actualizaci\u00f3n de equipos de control en plantas generadoras de energ\u00eda el\u00e9ctrica.<\/p>\r\n\r\n<\/div>\r\n<\/div>\r\n<\/div>\r\n<\/div>\r\n<!--- \/.hero --->\r\n<div class=\"block block-soluciones bg-gray-grad\">\r\n<div class=\"row\">\r\n<div class=\"large-10 columns large-centered\">\r\n<h2>Soluciones y Servicios<\/h2>\r\n<\/div>\r\n<\/div>\r\n<div class=\"row back-soluciones\">\r\n<div class=\"large-12 columns\">\r\n<div class=\"large-6 medium-6 columns wow animated fadeInLeft\">\r\n<div class=\"sol-img sol-1\"><\/div>\r\n<h3><a href=\"\/soluciones\/servicios-de-campo\">Servicios de Campo<\/a><\/h3>\r\nMantenimientos llave en mano, asesor\u00edas t\u00e9cnicas, planeaci\u00f3n de mantenimientos, inspecciones especializadas, capacitaciones.\r\n\r\n\r\n<br><a class=\"button hollow\" href=\"\/soluciones\/servicios-de-campo\">Ver m\u00e1s<\/a>\r\n\r\n<\/div>\r\n<div class=\"large-6 medium-6 columns wow animated fadeInRight\">\r\n<div class=\"sol-img sol-2\"><\/div>\r\n<h3><a href=\"\/soluciones\/proyectos\">Proyectos<\/a><\/h3>\r\nActualizaci\u00f3n de sistemas de control, Interfaces Gr\u00e1ficas, Interfaces de comunicaci\u00f3n, Sistema de Vibraciones, Excitadores, Proyectos.\r\n\r\n\r\n<br><a class=\"button hollow\" href=\"\/soluciones\/proyectos\">Ver m\u00e1s<\/a>\r\n\r\n<\/div>\r\n<\/div>\r\n<\/div>\r\n<!--- \/.row --->\r\n<div class=\"row back-middle-soluciones\">\r\n<div><\/div>\r\n<\/div>\r\n<div class=\"row back-soluciones\">\r\n<div class=\"large-12 columns\">\r\n<div class=\"large-6 medium-6 columns wow animated fadeInLeft\">\r\n<div class=\"sol-img sol-4\"><\/div>\r\n<h3><a href=\"\/soluciones\/refaccionamiento\">Refaccionamiento<\/a><\/h3>\r\nSuministro de partes capitales, refaccionamiento, reparaci\u00f3n de componentes, tarjetas y componentes de sistemas de control.\r\n\r\n\r\n<br><a class=\"button hollow\" href=\"\/soluciones\/refaccionamiento\">Ver m\u00e1s<\/a>\r\n\r\n<\/div>\r\n<div class=\"large-6 medium-6 columns wow animated fadeInRight\">\r\n<div class=\"sol-img sol-3\"><\/div>\r\n<h3><a href=\"\/home\/soluciones\/plantas-moviles\">Plantas M\u00f3viles<\/a><\/h3>\r\nSuministro, Renta y Operaci\u00f3n de Plantas de Generaci\u00f3n M\u00f3viles.\r\n\r\n\r\n<br><a class=\"button hollow\" href=\"\/soluciones\/plantas-moviles\">Ver m\u00e1s<\/a>\r\n\r\n<\/div>\r\n<\/div>\r\n<\/div>\r\n<!--- \/.row --->\r\n\r\n<\/div>\r\n<!--- \/.block --->\r\n<div class=\"block\">\r\n<div class=\"row\">\r\n<div class=\"large-8 medium-10 columns large-centered medium-centered\">\r\n<h3 class=\"text-center wow animated fadeIn\">Nos respaldan m\u00e1s de 14 a\u00f1os de experiencia como proveedores de soluciones integrales a plantas de generaci\u00f3n de energ\u00eda el\u00e9ctrica.<\/h3>\r\n<\/div>\r\n<\/div>\r\n<div class=\"row wow animated fadeIn\">\r\n<div class=\"large-6 columns\">\r\n<div class=\"h-clientes-l\"><\/div>\r\n<\/div>\r\n<div class=\"large-6 columns\">\r\n<div class=\"h-clientes-r\"><\/div>\r\n<\/div>\r\n<\/div>\r\n<div class=\"row\">\r\n<div class=\"large-12 columns\">\r\n<p class=\"text-center\"><a class=\"button hollow\" href=\"\/experiencia\/\">Conoce Nuestra Experiencia<\/a><\/p>\r\n\r\n<\/div>\r\n<\/div>\r\n<\/div>\r\n<!--- \/.block --->","protected":false},"excerpt":{"rendered":"Power Engineering Services and Solutions Servicios de campo e ingenier\u00eda para la industria de generaci\u00f3n el\u00e9ctrica. PESS realiza servicios en sitio en diversas especialidades como mec\u00e1nica, el\u00e9ctrica y control para el mantenimiento y operaci\u00f3n de plantas generadoras de energ\u00eda el\u00e9ctrica; as\u00ed como servicios de ingenier\u00eda para el dise\u00f1o, repotenciaci\u00f3n y actualizaci\u00f3n de equipos de control [&hellip;]","protected":false},"author":1,"featured_media":0,"parent":0,"menu_order":0,"comment_status":"open","ping_status":"open","template":"","meta":[],"_links":{"self":[{"href":"https:\/\/www.pess.com\/es\/wp-json\/wp\/v2\/pages\/2"}],"collection":[{"href":"https:\/\/www.pess.com\/es\/wp-json\/wp\/v2\/pages"}],"about":[{"href":"https:\/\/www.pess.com\/es\/wp-json\/wp\/v2\/types\/page"}],"author":[{"embeddable":true,"href":"https:\/\/www.pess.com\/es\/wp-json\/wp\/v2\/users\/1"}],"replies":[{"embeddable":true,"href":"https:\/\/www.pess.com\/es\/wp-json\/wp\/v2\/comments?post=2"}],"version-history":[{"count":14,"href":"https:\/\/www.pess.com\/es\/wp-json\/wp\/v2\/pages\/2\/revisions"}],"predecessor-version":[{"id":346,"href":"https:\/\/www.pess.com\/es\/wp-json\/wp\/v2\/pages\/2\/revisions\/346"}],"wp:attachment":[{"href":"https:\/\/www.pess.com\/es\/wp-json\/wp\/v2\/media?parent=2"}],"curies":[{"name":"wp","href":"https:\/\/api.w.org\/{rel}","templated":true}]}}