{"id":20,"date":"2018-01-14T16:20:08","date_gmt":"2018-01-14T16:20:08","guid":{"rendered":"http:\/\/www.pess.com\/?page_id=20"},"modified":"2018-03-12T23:41:01","modified_gmt":"2018-03-12T23:41:01","slug":"proyectos","status":"publish","type":"page","link":"https:\/\/www.pess.com\/es\/soluciones\/proyectos\/","title":{"rendered":"Proyectos"},"content":{"rendered":"<div class=\"hero soluciones\">\r\n<div class=\"row\">\r\n<div class=\"large-12 columns\">\r\n<h1 class=\"animated fadeIn white-text\">Proyectos<\/h1>\r\n<\/div>\r\n<\/div>\r\n<\/div>\r\n<!--- \/.hero --->\r\n\r\n<div class=\"m-soluciones bg-gray-grad wow animated fadeIn\">\r\n  \r\n<div class=\"row\">\r\n  <div class=\"large-12 columns large-centered\">\r\n    \r\n    <div class=\"large-3 medium-3 columns\">\r\n      <div class=\"menu-soluciones-item\">\r\n      <a href=\"http:\/\/www.pess.com\/soluciones\/servicios-de-campo\">\r\n        <div class=\"sol-img sol-1\"><\/div><h4>Servicios de Campo<\/h4>\r\n      <\/a>\r\n      <\/div>\r\n    <\/div>\r\n    \r\n    <div class=\"large-3 medium-3 columns\">\r\n      <div class=\"menu-soluciones-item current\">\r\n        <a href=\"http:\/\/www.pess.com\/soluciones\/proyectos\">\r\n      <div class=\"sol-img sol-2\"><\/div><h4>Proyectos\/Automatizaci\u00f3n<\/h4>\r\n        <\/a>\r\n      <\/div>\r\n    <\/div>\r\n    \r\n    <div class=\"large-3 medium-3 columns\">\r\n      <div class=\"menu-soluciones-item\">\r\n        <a href=\"http:\/\/www.pess.com\/soluciones\/refaccionamiento\">\r\n      <div class=\"sol-img sol-4\"><\/div><h4>Refaccionamiento<\/h4>\r\n        <\/a>\r\n      <\/div>\r\n    <\/div>\r\n    \r\n    <div class=\"large-3 medium-3 columns\">\r\n      <div class=\"menu-soluciones-item\">\r\n        <a href=\"http:\/\/www.pess.com\/soluciones\/plantas-moviles\">\r\n      <div class=\"sol-img sol-3\"><\/div><h4>Plantas M\u00f3viles<\/h4>\r\n        <\/a>\r\n      <\/div>\r\n    <\/div>\r\n    \r\n  <\/div>\r\n<\/div><!--- \/row menu-soluciones --->\r\n\r\n<\/div><!--- \/.menu-soluciones --->\r\n\r\n\r\n<!--- \/.menu-soluciones --->\r\n<div class=\"menu-soluciones-m show-for-small-only\">\r\n<div class=\"row\">\r\n<div class=\"small-12 columns\">\r\n\r\n<select name=\"selector\" onchange=\"location = this.value;\">\r\n<option value=\"http:\/\/www.pess.com\/soluciones\/servicios-de-campo\">Servicios de Campo<\/option>\r\n<option value=\"http:\/\/www.pess.com\/soluciones\/proyectos\">Proyectos\/Automatizaci\u00f3n<\/option>\r\n<option value=\"http:\/\/www.pess.com\/soluciones\/refaccionamiento\">Refaccionamiento<\/option>\r\n<option value=\"http:\/\/www.pess.com\/soluciones\/plantas-moviles\">Plantas M\u00f3viles<\/option>\r\n<\/select>\r\n\r\n<\/div>\r\n<\/div>\r\n<!--- \/row menu-soluciones --->\r\n\r\n<\/div>\r\n<!--- \/.menu-soluciones-m --->\r\n<div class=\"block content\">\r\n<div class=\"row\">\r\n<div class=\"large-7 medium-9 columns large-centered medium-centered\">\r\n<h2>Ingenier\u00eda de Proyectos<\/h2>\r\nProyectos de mejora de rendimiento: <strong>PESS<\/strong> tiene amplia experiencia y conocimientos en el dise\u00f1o, desarrollo y ejecuci\u00f3n de proyectos para mejorar los equipos de una central el\u00e9ctrica. Desarrolla todo el ciclo de vida de cada proyecto, a partir de estudios de viabilidad, desarrollo de proyectos, dise\u00f1o, ingenier\u00eda, abastecimiento a ejecuci\u00f3n final.\r\n<h3>Estudios de Viabilidad<\/h3>\r\n<strong>PESS<\/strong> apoya la evaluaci\u00f3n de riesgos generando varias alternativas que los ayudar\u00e1n a determinar las estrategias apropiadas para identificar las claves que dar\u00e1n beneficios para el proyecto.\r\n<p class=\"animated fadeIn\"><img src=\"..\/..\/wp-content\/themes\/intentionally-blank\/img\/proyectos-1.jpg\" \/><\/p>\r\n\r\n<h3>Desarrollo de Proyectos<\/h3>\r\nDebido a la experiencia de <strong>PESS<\/strong>, proporciona un claro camino de apoyo para la toma de decisiones. La experiencia t\u00e9cnica elimina la incertidumbre al proponer soluciones innovadoras, procesos y herramientas para hacer del proyecto una realidad. <strong>PESS<\/strong> ha colaborado en el desarrollo de proyectos de cogeneraci\u00f3n, turbinas e\u00f3licas, y ejecuci\u00f3n de proyectos de mejora.\r\n<h3>Dise\u00f1o de Ingenier\u00eda<\/h3>\r\nPara cada proyecto, <strong>PESS<\/strong> genera un conjunto completo de la ingenier\u00eda de detalle y construcci\u00f3n de dibujos, lo cual reduce significativamente el tiempo de implementaci\u00f3n en el sitio. Algunos de los proyectos incluyen actualizaci\u00f3n en el control de turbinas de gas y vapor, actualizaci\u00f3n de los sistemas de combusti\u00f3n, sistemas de monitoreo, enfriamiento del aire de entrada y personalizaci\u00f3n de plantas de energ\u00eda.\r\n<h3>Ejecuci\u00f3n de proyectos<\/h3>\r\nEl grupo de ingenieros de campo especializados de <strong>PESS<\/strong>, aportan un enorme valor durante la ejecuci\u00f3n y realizaci\u00f3n de cada proyecto. Todos ellos se encuentran plenamente apoyados por el equipo de ingenieros de dise\u00f1o, lo cual permite la realizaci\u00f3n de un buen proyecto de instalaci\u00f3n. Los ingenieros de campo son biling\u00fces y est\u00e1n involucrados en el proyecto durante la fase de dise\u00f1o de ingenier\u00eda, lo que logra que las tareas se ajusten en los horarios que la industria requiere.\r\n<p class=\"animated fadeIn\"><img src=\"..\/..\/wp-content\/themes\/intentionally-blank\/img\/proyectos-2.jpg\" \/><\/p>\r\n<strong>PESS<\/strong> brinda valor adicional a cada proyecto de la siguiente manera:\r\n<ul>\r\n \t<li>La responsabilidad del proyecto completo, llave en mano<\/li>\r\n \t<li>Desarrollar especificaciones en la ejecuci\u00f3n<\/li>\r\n \t<li>Sentido de responsabilidad<\/li>\r\n \t<li>Proyectos totalmente probados<\/li>\r\n \t<li>Documentaci\u00f3n de ingenier\u00eda de construcci\u00f3n<\/li>\r\n \t<li>Operadores entrenados<\/li>\r\n<\/ul>\r\n<h2>Modernizaci\u00f3n de Turbinas de Gas<\/h2>\r\nMejoras y Re-adaptaciones de plantas de energ\u00eda. <strong>PESS<\/strong> brinda el apoyo para las actualizaciones de plantas de energ\u00eda, adem\u00e1s de brindar opciones a los operadores de plantas de energ\u00eda para reducir los costos operacionales, aumentar la producci\u00f3n y, mejorar la fiabilidad y disponibilidad de los equipos. El experimentado equipo de ingenieros de <strong>PESS<\/strong> se centra en mejoras para turbinas de gas, turbinas de vapor y personalizaci\u00f3n de los proyectos en las centrales.\r\n\r\nLas listas de las actualizaciones que <strong>PESS<\/strong> ofrece son:\r\n<p class=\"animated fadeIn\"><img src=\"..\/..\/wp-content\/themes\/intentionally-blank\/img\/proyectos-3.jpg\" \/><\/p>\r\n\r\n<h3>Actualizaci\u00f3n de Sistemas de Control<\/h3>\r\n<strong>PESS<\/strong> actualiza los sistemas de control de turbinas de gas para obtener mayor eficiencia y disminuir el riesgo de perder el control de la turbina en operaci\u00f3n. Las actualizaciones de control <strong>PESS<\/strong> PLC, incorporan la tecnolog\u00eda en la t\u00e9cnica de control para alcanzar el m\u00e1ximo control de los procesos, servicios de apoyo y la disponibilidad de piezas.\r\n<h3>Actualizaci\u00f3n de las Partes Calientes de la turbina de gas<\/h3>\r\n<strong>PESS<\/strong> ofrece incrementar la eficiencia y producci\u00f3n de la turbina de gas mediante la instalaci\u00f3n de las m\u00e1s recientes partes en la turbinas. Los beneficios de cada unidad dependen de la configuraci\u00f3n actual de la turbinas de gas; se puede incrementar hasta un 10% en la producci\u00f3n de potencia y mejorar un 5% en la tasa de calor.\r\n<h3>Aumento de Temperatura de combusti\u00f3n en turbina de gas<\/h3>\r\nEl aumento de la temperatura en la combusti\u00f3n de las turbinas de gas es el principal motor de la eficiencia; cuanto m\u00e1s alta es la temperatura, el ciclo se vuelve m\u00e1s eficiente. Sin embargo, esta temperatura se ver\u00e1 limitada por el tipo de material del que est\u00e9n hechos las partes. Al actualizar las partes calientes de la turbina, <strong>PESS<\/strong> puede ofrecer el incremento de la temperatura en la combusti\u00f3n y lograr que la m\u00e1quina se vuelva m\u00e1s eficiente.\r\n<h3>Actualizaci\u00f3n de los sistemas de combusti\u00f3n<\/h3>\r\n<strong>PESS<\/strong> puede actualizar el hardware de combusti\u00f3n existente, con la \u00faltima tecnolog\u00eda en emisi\u00f3n de NOx para asegurar que nuestros clientes cumplan con los requisitos ambientales sin perder la potencia de salida o la eficiencia de las m\u00e1quinas.\r\n<h3>Equipos de sistemas de supervisi\u00f3n<\/h3>\r\nLa experiencia de <strong>PESS<\/strong> en el monitoreo remoto de sistemas, permiten obtener una mejor visibilidad de todo el proceso. Esta tecnolog\u00eda ha demostrado mejorar la fiabilidad y disponibilidad de los datos, mediante la identificaci\u00f3n de las condiciones; lo que ayudar\u00e1 a no tener un paro forzado de la unidad.\r\n<h3>Enfriamiento de aire en la entrada<\/h3>\r\nLa potencia de salida y la eficiencia de la turbina de gas, extrae el aire del medio ambiente para enfriar el aire que entra al compresor, los clientes pueden obtener un 30% en el aumento de la potencia de salida y un 7% en la tasa de calor.\r\n<h3>Personalizaci\u00f3n de Plantas de Energ\u00eda<\/h3>\r\nSe pueden aplicar en cada sitio proyectos de mejora, dependiendo de las necesidades de cada cliente. El equipo de ingenieros est\u00e1 especializado para proporcionar soluciones integrales para mejorar el rendimiento y disponibilidad de la planta. Algunos ejemplos de estos proyectos son, la adici\u00f3n de un embrague SSS a una turbina de gas, la instalaci\u00f3n de un compresor de agua para lavado de la turbina de gas o la instalaci\u00f3n adicional de un generador auxiliar.\r\n\r\n<strong>PESS<\/strong> ha desarrollado acuerdos con los proveedores de partes y equipo de Estados Unidos y Europa. La extensa red de proveedores permite ejecutar los proyectos eficientando tiempos y utilizando la \u00faltima tecnolog\u00eda del mercado.\r\n<h2>Modernizaci\u00f3n Mec\u00e1nica y Suministro de Partes y Equipo<\/h2>\r\n<strong>PESS<\/strong> lleva a cabo la modernizaci\u00f3n de plantas, enfocado en proveer soluciones para que los clientes reduzcan sus costos de operaci\u00f3n; incrementen su producci\u00f3n y mejoren la confiabilidad y disponibilidad de sus equipos. El experimentado equipo de ingenier\u00eda de <strong>PESS<\/strong> se enfoca en proyectos de modernizaci\u00f3n de turbinas de gas y vapor as\u00ed como proyectos de adecuaci\u00f3n de equipos.\r\n\r\nLas listas de las modernizaci\u00f3n de <strong>PESS<\/strong> incluye:\r\n<p class=\"animated fadeIn\"><img src=\"..\/..\/wp-content\/themes\/intentionally-blank\/img\/proyectos-4.jpg\" \/><\/p>\r\n\r\n<h3>Modernizaci\u00f3n de Sistemas de Control<\/h3>\r\n<strong>PESS<\/strong> pone a su disposici\u00f3n la modernizaci\u00f3n de sistemas de control obsoletos para que los operadores puedan tener un control total de proceso y con eso reducir el riesgo de perder el control de la turbina. Las modernizaciones al sistema de control de <strong>PESS<\/strong> est\u00e1n basadas en PLCs de la \u00faltima generaci\u00f3n que permiten conseguir el m\u00e1ximo control del proceso, soporte t\u00e9cnico y disponibilidad de partes y refacciones.\r\n<h3>Modernizaciones a las partes calientes de la turbina de gas<\/h3>\r\n<strong>PESS<\/strong> ofrece incrementar la eficiencia y producci\u00f3n de la turbina de gas mediante la instalaci\u00f3n de las m\u00e1s recientes partes en la turbinas. Los beneficios de cada unidad dependen de la configuraci\u00f3n actual de la turbinas de gas; se puede incrementar hasta un 10% en la producci\u00f3n de potencia y mejorar un 5% en la tasa de calor.\r\n<h3>Incremento de temperatura de combusti\u00f3n en turbinas de gas<\/h3>\r\nLa temperatura de combusti\u00f3n en turbinas de gas es el principal factor que influye en la eficiencia de las turbinas de gas. Entre m\u00e1s alta es la temperatura de combusti\u00f3n, m\u00e1s alta es la eficiencia del ciclo. A su vez, la temperatura de combusti\u00f3n est\u00e1 limitada por los materiales de las partes instaladas.\r\n<h3>Modernizaci\u00f3n del sistema de combusti\u00f3n<\/h3>\r\n<strong>PESS<\/strong> moderniza las partes del sistema de combusti\u00f3n de turbinas de gas con la \u00faltima tecnolog\u00eda Dry Low NOx (DLN) para asegurar que los clientes cumplen con los requerimientos ambientales sin perder potencia o eficiencia.\r\n<h3>Sistemas de Monitoreo Remoto<\/h3>\r\nLa experiencia de <strong>PESS<\/strong> en sistemas de monitoreo de maquinar\u00eda es maximizada para obtener una visualizaci\u00f3n completa del proceso de manera remota. Esta tecnolog\u00eda ha sido probada para mejorar la confiabilidad, y disponibilidad del equipo al identificar de manera oportuna condiciones del proceso que pueden ocasionar da\u00f1os al equipo que resulten en paros inesperados o da\u00f1os severos al equipo.\r\n<h3>Sistema de Enfriamiento de Aire de Entrada de Turbina de Gas<\/h3>\r\nLa potencia y eficiencia de la turbina de gas es mejorada al enfriar el aire que entra al compresor. Los cliente pueden ganar hasta 30% de incremento en potencia y 7% de mejora en consumo calor\u00edfico unitario.\r\n<h3>Modificaci\u00f3n de Plantas de Generaci\u00f3n<\/h3>\r\nExisten mejoras adicionales que pueden ser implementadas en cada planta que dependen de las necesidades espec\u00edficas de la planta. El equipo de ingenier\u00eda de <strong>PESS<\/strong> est\u00e1 preparado para proveer una soluci\u00f3n integral que mejoren el desempe\u00f1o de la planta, su disponibilidad y confiabilidad. Algunos de estos proyectos incluyen por ejemplo la adici\u00f3n de clutch SSS a una turbina de gas, la instalaci\u00f3n de un sistema de lavado de compresores o la adici\u00f3n de arranque negro.\r\n<h2>Proyectos<\/h2>\r\nLa extensa experiencia de <strong>PESS<\/strong> en el desarrollo de proyectos en plantas de generaci\u00f3n y centrales el\u00e9ctricas, permite a los clientes eliminar las dudas en cuanto a los detalles t\u00e9cnicos, legales, contractuales y econ\u00f3micos que pudieran llegarse a suscitar.\r\n<p class=\"animated fadeIn\"><img src=\"..\/..\/wp-content\/themes\/intentionally-blank\/img\/proyectos-5.jpg\" \/><\/p>\r\n\r\n<h3>Algunos de los proyectos desarrollados por son:<\/h3>\r\n<ul>\r\n \t<li>Instalaciones de cogeneraci\u00f3n.<\/li>\r\n \t<li>Instalaciones de ciclo combinado.<\/li>\r\n \t<li>Instalaciones de Parques E\u00f3licos.<\/li>\r\n \t<li>Plantas de Energ\u00eda Industrial.<\/li>\r\n<\/ul>\r\n<h3>El equipo de <strong>PESS<\/strong> puede ayudar a desarrollar las siguientes actividades:<\/h3>\r\n<ul>\r\n \t<li>Instalaciones de cogeneraci\u00f3n.<\/li>\r\n \t<li>Instalaciones de ciclo combinado.<\/li>\r\n \t<li>Instalaciones de Parques E\u00f3licos.<\/li>\r\n \t<li>Plantas de Energ\u00eda Industrial.<\/li>\r\n \t<li>Desarrollo completo de un Plan de Negocios para el Proyecto.<\/li>\r\n \t<li>Viabilidad para la instalaci\u00f3n del proyecto, analizando.<\/li>\r\n \t<li>las diferentes tecnolog\u00edas y configuraciones para la planta.<\/li>\r\n<\/ul>\r\n<p class=\"animated fadeIn\"><img src=\"..\/..\/wp-content\/themes\/intentionally-blank\/img\/proyectos-6.jpg\" \/><\/p>\r\n\r\n<ul>\r\n \t<li>Evaluaci\u00f3n T\u00e9cnica y Econ\u00f3mica.<\/li>\r\n \t<li>Evaluaci\u00f3n de Riesgos y An\u00e1lisis de sensibilidad.<\/li>\r\n \t<li>Estimaci\u00f3n del capital humano y operacional.<\/li>\r\n \t<li>Dise\u00f1o de la planta de generaci\u00f3n.<\/li>\r\n \t<li>Evaluaci\u00f3n y selecci\u00f3n de las especificaciones del equipo.<\/li>\r\n \t<li>Asistencia t\u00e9cnica durante el recorrido para la adquisici\u00f3n de la planta.<\/li>\r\n \t<li>An\u00e1lisis de Costo de la Electricidad.<\/li>\r\n<\/ul>\r\nAlgunos de nuestros clientes para estos servicios incluyen bancos de inversi\u00f3n, empresas de consultor\u00eda, empresas de ingenier\u00eda de construcci\u00f3n, plantas de cogeneraci\u00f3n y empresas de servicios.\r\n<h2>Tratamiento de plantas de agua<\/h2>\r\n<h3>SCADA y sistemas de control de aguas residuales<\/h3>\r\n<ul>\r\n \t<li>Expansi\u00f3n y personalizaci\u00f3n de la capacidad del sistema.<\/li>\r\n \t<li>Especificaciones para la adquisici\u00f3n de proyectos profesionales para la industria de aguas residuales.<\/li>\r\n \t<li>\u00bfSistema de distribuci\u00f3n del envejecimiento? Actualizar y reducir el tiempo de inactividad.<\/li>\r\n \t<li>M\u00e1xima seguridad y cumplimiento normativo.<\/li>\r\n \t<li>Reducir los costos de mantenimiento y operaci\u00f3n, manteniendo el est\u00e1ndar de calidad del agua.<\/li>\r\n<\/ul>\r\n<p class=\"animated fadeIn\"><img src=\"..\/..\/wp-content\/themes\/intentionally-blank\/img\/proyectos-7.jpg\" \/><\/p>\r\n\r\n<h3>Desarrollo del proyecto<\/h3>\r\nCon las soluciones de control de procesos y control de motores <strong>PESS<\/strong>, asegura y optimiza su funcionamiento. La experiencia t\u00e9cnica elimina la incertidumbre cuando soluciones innovadoras y procesos, se integran con las herramientas para gestionar sus activos.\r\n<h3>Dise\u00f1o de ingenier\u00eda<\/h3>\r\nPara cada proyecto, <strong>PESS<\/strong> genera un conjunto completo de dibujos de ingenier\u00eda de detalle y construcci\u00f3n, reduciendo significativamente el tiempo de implementaci\u00f3n en el sitio.\r\n\r\nCumplimiento de todo el ciclo del agua:\r\n<ul>\r\n \t<li>SALA DE CONTROL<\/li>\r\n \t<li>PLANTA DE TRATAMIENTO DE AGUA<\/li>\r\n \t<li>ESTACI\u00d3N DE BOMBEO<\/li>\r\n \t<li>SEDIMENTACI\u00d3N<\/li>\r\n \t<li>COAGULACI\u00d3N<\/li>\r\n \t<li>ALMACENAMIENTO DE AGUA<\/li>\r\n \t<li>IRRIGACI\u00d3N Y TRANSFERENCIA DE AGUA<\/li>\r\n \t<li>INGESTA DE AGUA<\/li>\r\n \t<li>PLANTA DESALINADORA<\/li>\r\n \t<li>PRESI\u00d3N<\/li>\r\n<\/ul>\r\n<h3>Ejecuci\u00f3n del proyecto<\/h3>\r\n<strong>PESS<\/strong> cuenta con un grupo de ingenieros de campo especializado los cuales contribuyen a la ejecuci\u00f3n y desarrollo de cada proyecto. Todos ellos est\u00e1n completamente respaldados por el equipo de ingenieros de dise\u00f1o, lo que permite el desarrollo de un proyecto de instalaci\u00f3n impecable. Los ingenieros de campo est\u00e1n involucrados en el proyecto durante la fase de dise\u00f1o de ingenier\u00eda, logrando ajustarse a los horarios requeridos por la industria.\r\n<h3>Integraci\u00f3n de Pruebas Futuras<\/h3>\r\nSistemas seguros preparados para poder comunicarse y realizar en protocolos multi-plataforma e Internet de cosas (IOT).\r\n\r\nMejor gr\u00e1fica HMI en la industria. Con el dise\u00f1o ergon\u00f3mico del operador y la gesti\u00f3n optimizada de las alarmas, el escalado y la colocaci\u00f3n de los botones fueron premiados pensando y probando intensamente, evitando gr\u00e1ficos &#8220;llamativos&#8221; y 3D para centrarse en colores humanos y en la visualizaci\u00f3n de datos.\r\n\r\nMejora de las herramientas de an\u00e1lisis de datos para facilitar la gesti\u00f3n del mantenimiento y el uso de m\u00faltiples dispositivos.\r\n\r\nArquitectura escalable con el marco Connected Enterprise y backbone Ethernet est\u00e1ndar seguro.\r\n\r\n<\/div>\r\n<\/div>\r\n<\/div>\r\n<div class=\"block contact-bot\">\r\n<div class=\"row wow animated fadeInUp\">\r\n<div class=\"large-7 columns large-centered\">\r\n<h2>Cont\u00e1ctenos<\/h2>\r\n<p class=\"subtitle\">Si desea cotizar nuestros servicios, resolver interrogantes o hacernos llegar sus comentarios, no dude en contactarnos.<\/p>\r\n<p class=\"text-center\"><a class=\"button hollow\" href=\"mailto:info@pess.com\">info@pess.com<\/a><\/p>\r\n\r\n<\/div>\r\n<\/div>\r\n<\/div>\r\n<!--- \/.block --->","protected":false},"excerpt":{"rendered":"Proyectos Servicios de Campo Proyectos\/Automatizaci\u00f3n Refaccionamiento Plantas M\u00f3viles Servicios de Campo Proyectos\/Automatizaci\u00f3n Refaccionamiento Plantas M\u00f3viles Ingenier\u00eda de Proyectos Proyectos de mejora de rendimiento: PESS tiene amplia experiencia y conocimientos en el dise\u00f1o, desarrollo y ejecuci\u00f3n de proyectos para mejorar los equipos de una central el\u00e9ctrica. Desarrolla todo el ciclo de vida de cada proyecto, a [&hellip;]","protected":false},"author":1,"featured_media":0,"parent":16,"menu_order":0,"comment_status":"closed","ping_status":"closed","template":"","meta":[],"_links":{"self":[{"href":"https:\/\/www.pess.com\/es\/wp-json\/wp\/v2\/pages\/20"}],"collection":[{"href":"https:\/\/www.pess.com\/es\/wp-json\/wp\/v2\/pages"}],"about":[{"href":"https:\/\/www.pess.com\/es\/wp-json\/wp\/v2\/types\/page"}],"author":[{"embeddable":true,"href":"https:\/\/www.pess.com\/es\/wp-json\/wp\/v2\/users\/1"}],"replies":[{"embeddable":true,"href":"https:\/\/www.pess.com\/es\/wp-json\/wp\/v2\/comments?post=20"}],"version-history":[{"count":10,"href":"https:\/\/www.pess.com\/es\/wp-json\/wp\/v2\/pages\/20\/revisions"}],"predecessor-version":[{"id":129,"href":"https:\/\/www.pess.com\/es\/wp-json\/wp\/v2\/pages\/20\/revisions\/129"}],"up":[{"embeddable":true,"href":"https:\/\/www.pess.com\/es\/wp-json\/wp\/v2\/pages\/16"}],"wp:attachment":[{"href":"https:\/\/www.pess.com\/es\/wp-json\/wp\/v2\/media?parent=20"}],"curies":[{"name":"wp","href":"https:\/\/api.w.org\/{rel}","templated":true}]}}