{"id":55,"date":"2018-01-16T13:31:29","date_gmt":"2018-01-16T13:31:29","guid":{"rendered":"http:\/\/www.pess.com\/?page_id=55"},"modified":"2018-01-16T13:31:29","modified_gmt":"2018-01-16T13:31:29","slug":"privacidad","status":"publish","type":"page","link":"https:\/\/www.pess.com\/es\/privacidad\/","title":{"rendered":"Privacidad"},"content":{"rendered":"<br><br>\r\n<br><br>\r\n<br><br>\r\n<h1 style=\"text-align: center;\">AVISO DE PRIVACIDAD\r\nPARA CLIENTES Y PROVEEDORES<\/h1>\r\n<br>\r\n<br>\r\n\r\nPower Engineering Services and Solutions SA de CV, con domicilio en Av. Eugenio Garza Sada #427, Int. 38-33, Col. Altavista, Monterrey, Nuevo Le\u00f3n, C\u00f3digo Postal 64 840, de conformidad con lo dispuesto en la Ley Federal de Protecci\u00f3n de Datos Personales en Posesi\u00f3n de los Particulares, hace de su conocimiento el presente Aviso de Privacidad para los clientes y proveedores:\r\n<ol><br>\r\n \t<li><strong>Sobre el tratamiento de sus datos personales de los clientes y proveedores:<\/strong><br>\r\nSe recaban sus datos personales y datos sensibles para los efectos mencionado en el presente Aviso de Privacidad. Por ello, se hace de su conocimiento que sus datos personales ser\u00e1n tratados y resguardados con base en los principios de licitud, calidad, consentimiento, informaci\u00f3n, finalidad, lealtad, proporcionalidad y responsabilidad, consagrados en la Ley Federal de Protecci\u00f3n de Datos Personales en Posesi\u00f3n de los Particulares.<\/li>\r\n<br><br>\r\n \t<li><strong>Finalidad en el tratamiento de sus datos personales:<\/strong><br>\r\nSe recopilan sus datos personales y datos personales sensibles, por lo que se le solicita su consentimiento a trav\u00e9s del presente Aviso de Privacidad con el objeto de utilizarlos para los siguientes fines:\r\ni) Para contactarlo y enviarle informaci\u00f3n relevante sobre nuestros productos y\/o servicios.\r\nii) Identificarlo como cliente y\/o proveedor de Power Engineering Services and Solutions SA de\r\nCV.\r\niii) Para realizar todas las gestiones internas necesarias relacionadas con la relaci\u00f3n comercialvigente, incluyendo cuestiones de cr\u00e9dito y pagos.<\/li>\r\n<br><br>\r\n \t<li><strong>Medios para limitar el uso o divulgaci\u00f3n de sus datos personales:<\/strong><br>\r\nSe hace de su conocimiento que sus datos personales y datos personales sensibles ser\u00e1n resguardados bajo estrictas medidas de seguridad administrativas, t\u00e9cnicas y f\u00edsicas, las cuales han sido implementadas con el objeto de proteger sus datos personales contra da\u00f1o, p\u00e9rdida, alteraci\u00f3n, destrucci\u00f3n o el uso, acceso o tratamiento no autorizados.<\/li>\r\n<br><br>\r\n \t<li><strong>Medios para el ejercicio de sus derechos como titular de los datos personales:<\/strong><br>\r\nComo titular de los datos personales, objeto del presente Aviso de Privacidad, usted podr\u00e1 ejercitar sus derechos de acceso, rectificaci\u00f3n, cancelaci\u00f3n u oposici\u00f3n (Derechos ARCO); mismos que se consagran en la Ley Federal de Protecci\u00f3n de Datos Personales en Posesi\u00f3n de los Particulares. As\u00ed mismo, podr\u00e1 revocar el consentimiento otorgado para el uso de sus datos personales.\r\nEn cualquiera de estos supuestos, puede realizar su solicitud mediante el env\u00edo de un correo electr\u00f3nico a la direcci\u00f3n <a href=\"mailto:privacidad@pessweb.com\">privacidad@pessweb.com<\/a>.\r\nCon la finalidad de poder atender su solicitud, \u00e9sta deber\u00e1 satisfacer todos los requisitos estipulados en la Ley Federal de Protecci\u00f3n de Datos Personales en Posesi\u00f3n de los Particulares.<\/li>\r\n<br><br>\r\n \t<li><strong> Transferencia de sus datos personales:<\/strong><br>\r\nSus datos personales y\/o datos personales sensibles podr\u00e1n ser transferidos a los terceros cuando sea estrictamente indispensable, con la finalidad de que Power Engineering Services and Solutions SA de CV lleve a cabo el cumplimiento de las obligaciones a las que se haya comprometido con usted como cliente y\/o proveedor. Lo anterior sin perjuicio de las excepciones de la Ley Federal de Protecci\u00f3n de Datos Personales en Posesi\u00f3n de los Particulares. Si usted no manifiesta su oposici\u00f3n para que sus datos personales sean transferidos, se entender\u00e1 que ha otorgado su consentimiento para ello. De lo contrario, se solicita su consentimiento expreso para realizar dichas transferencias, enviando el siguiente mensaje e informaci\u00f3n en documento escaneado a la cuenta <a href=\"mailto:privacidad@pessweb.com\">privacidad@pessweb.com<\/a>:\r\n\r\nNo consiento que mis datos personales sean transferidos en los t\u00e9rminos que se\u00f1ala el presente\r\naviso de privacidad.\r\n\r\nNombre:\u00a0 __________________________________\r\nFecha: ____________________________________\r\nFirma: ____________________________________<\/li>\r\n<br><br>\r\n \t<li><strong>Cambios al presente aviso de privacidad:<\/strong><br>\r\nEl presente Aviso de Privacidad podr\u00e1 ser modificado en el futuro. En todo caso, cualquier modificaci\u00f3n al mismo se har\u00e1 de su conocimiento mediante el env\u00edo de un correo electr\u00f3nico a la cuenta que usted nos proporcion\u00f3 inicialmente para informarle de este Aviso de Privacidad, y\/o mediante la publicaci\u00f3n del mismo en la siguiente p\u00e1gina web: <a href=\"http:\/\/www.pessweb.com\">www.pessweb.com<\/a>. No seremos responsables en el caso de que usted no reciba la referida notificaci\u00f3n de cambio en el Aviso de Privacidad por causa de alg\u00fan problema con su cuenta de correo electr\u00f3nico o de transmisi\u00f3n de datos por internet. Sin embargo, por su seguridad, el Aviso de Privacidad vigente estar\u00e1 disponible en todo momento en la p\u00e1gina web antes se\u00f1alada.<\/li><br><br>\r\n<\/ol>\r\n<br>\r\n<br>\r\n<p style=\"text-align: right;\"><strong>Fecha de \u00faltima actualizaci\u00f3n:<\/strong> 03-Octubre-2013.<\/p>","protected":false},"excerpt":{"rendered":"AVISO DE PRIVACIDAD PARA CLIENTES Y PROVEEDORES Power Engineering Services and Solutions SA de CV, con domicilio en Av. Eugenio Garza Sada #427, Int. 38-33, Col. Altavista, Monterrey, Nuevo Le\u00f3n, C\u00f3digo Postal 64 840, de conformidad con lo dispuesto en la Ley Federal de Protecci\u00f3n de Datos Personales en Posesi\u00f3n de los Particulares, hace de [&hellip;]","protected":false},"author":1,"featured_media":0,"parent":0,"menu_order":0,"comment_status":"closed","ping_status":"closed","template":"","meta":[],"_links":{"self":[{"href":"https:\/\/www.pess.com\/es\/wp-json\/wp\/v2\/pages\/55"}],"collection":[{"href":"https:\/\/www.pess.com\/es\/wp-json\/wp\/v2\/pages"}],"about":[{"href":"https:\/\/www.pess.com\/es\/wp-json\/wp\/v2\/types\/page"}],"author":[{"embeddable":true,"href":"https:\/\/www.pess.com\/es\/wp-json\/wp\/v2\/users\/1"}],"replies":[{"embeddable":true,"href":"https:\/\/www.pess.com\/es\/wp-json\/wp\/v2\/comments?post=55"}],"version-history":[{"count":1,"href":"https:\/\/www.pess.com\/es\/wp-json\/wp\/v2\/pages\/55\/revisions"}],"predecessor-version":[{"id":56,"href":"https:\/\/www.pess.com\/es\/wp-json\/wp\/v2\/pages\/55\/revisions\/56"}],"wp:attachment":[{"href":"https:\/\/www.pess.com\/es\/wp-json\/wp\/v2\/media?parent=55"}],"curies":[{"name":"wp","href":"https:\/\/api.w.org\/{rel}","templated":true}]}}