{"id":6,"date":"2018-01-14T15:46:40","date_gmt":"2018-01-14T15:46:40","guid":{"rendered":"http:\/\/www.pess.com\/?page_id=6"},"modified":"2018-01-14T17:29:03","modified_gmt":"2018-01-14T17:29:03","slug":"plantas-moviles","status":"publish","type":"page","link":"https:\/\/www.pess.com\/es\/soluciones\/plantas-moviles\/","title":{"rendered":"Plantas m\u00f3viles"},"content":{"rendered":"<div class=\"hero soluciones\">\r\n  \r\n<div class=\"row\">\r\n  <div class=\"large-12 columns\">\r\n    <h1 class=\"animated fadeIn white-text\">Plantas M\u00f3viles<\/h1>    \r\n  <\/div>\r\n<\/div>\r\n\r\n\r\n   \r\n<\/div><!--- \/.hero --->\r\n\r\n\r\n\r\n\r\n<div class=\"m-soluciones bg-gray-grad wow animated fadeIn\">\r\n  \r\n<div class=\"row\">\r\n  <div class=\"large-12 columns large-centered\">\r\n    \r\n    <div class=\"large-3 medium-3 columns\">\r\n      <div class=\"menu-soluciones-item\">\r\n      <a href=\"http:\/\/www.pess.com\/soluciones\/servicios-de-campo\">\r\n        <div class=\"sol-img sol-1\"><\/div><h4>Servicios de Campo<\/h4>\r\n      <\/a>\r\n      <\/div>\r\n    <\/div>\r\n    \r\n    <div class=\"large-3 medium-3 columns\">\r\n      <div class=\"menu-soluciones-item\">\r\n        <a href=\"http:\/\/www.pess.com\/soluciones\/proyectos\">\r\n      <div class=\"sol-img sol-2\"><\/div><h4>Proyectos\/Automatizaci\u00f3n<\/h4>\r\n        <\/a>\r\n      <\/div>\r\n    <\/div>\r\n    \r\n    <div class=\"large-3 medium-3 columns\">\r\n      <div class=\"menu-soluciones-item\">\r\n        <a href=\"http:\/\/www.pess.com\/soluciones\/refaccionamiento\">\r\n      <div class=\"sol-img sol-4\"><\/div><h4>Refaccionamiento<\/h4>\r\n        <\/a>\r\n      <\/div>\r\n    <\/div>\r\n    \r\n    <div class=\"large-3 medium-3 columns\">\r\n      <div class=\"menu-soluciones-item current\">\r\n        <a href=\"http:\/\/www.pess.com\/soluciones\/plantas-moviles\">\r\n      <div class=\"sol-img sol-3\"><\/div><h4>Plantas M\u00f3viles<\/h4>\r\n        <\/a>\r\n      <\/div>\r\n    <\/div>\r\n    \r\n  <\/div>\r\n<\/div><!--- \/row menu-soluciones --->\r\n\r\n<\/div><!--- \/.menu-soluciones --->\r\n\r\n\r\n<div class=\"menu-soluciones-m show-for-small-only\">\r\n\r\n\r\n<div class=\"row\">\r\n  <div class=\"small-12 columns\">\r\n    \r\n<select name=\"selector\" onchange=\"location = this.value;\">\r\n <option value=\"http:\/\/www.pess.com\/soluciones\/servicios-de-campo\">Servicios de Campo<\/option>\r\n <option value=\"http:\/\/www.pess.com\/soluciones\/proyectos\">Proyectos\/Automatizaci\u00f3n<\/option>\r\n <option value=\"http:\/\/www.pess.com\/soluciones\/refaccionamiento\">Refaccionamiento<\/option>\r\n <option value=\"http:\/\/www.pess.com\/soluciones\/plantas-moviles\">Plantas M\u00f3viles<\/option>\r\n<\/select>\r\n        \r\n  <\/div>\r\n<\/div><!--- \/row menu-soluciones --->\r\n\r\n\r\n<\/div><!--- \/.menu-soluciones-m --->\r\n\r\n\r\n\r\n\r\n\r\n<div class=\"block content\">\r\n\r\n\r\n\r\n<div class=\"row\">\r\n  <div class=\"large-7 medium-9 columns large-centered medium-centered\">\r\n    \r\n    \r\n    \r\n    <h2>Turbinas de Gas M\u00f3viles TM2500<\/h2>\r\n    \r\n        \r\n  <h3>Generaci\u00f3n<\/h3>\r\n  \r\n  <ul>\r\n    <li>Potencia Adicional: Al reponer la energ\u00eda por incremento de demanda o capacidad insuficiente por paros planeados.<\/li>\r\n    <li>Estabilizaci\u00f3n de la red: Asegura la estabilidad de la red de manera confiable y otorgando potencia reactiva para mejorar la eficiencia de la red de transmisi\u00f3n.<\/li>\r\n    <li>Picos de Demanda: Soporta demanda temporal de potencia adicional y previene cortes de energ\u00eda.<\/li>\r\n  <\/ul>\r\n  \r\n<h3>Emergencias<\/h3>\r\n  <ul>\r\n    <li>Desastres Naturales: Otorga potencia temporal despu\u00e9s de emergencias no planeadas.<\/li>\r\n    <li>Paros no Planeados: Soluci\u00f3n temporal por fallas en la red o paros de planta no programados.<\/li>\r\n  <\/ul>\r\n  \r\n  <h3>Generaci\u00f3n Distribuida<\/h3>\r\n  <ul>\r\n    <li>Flexibilidad Geogr\u00e1fica: Permite potencia temporal despu\u00e9s de emergencias no planeadas a locaciones remotas, electrificaci\u00f3n rural.<\/li>\r\n    <li>Subestaci\u00f3n Regional: Provee de capacidad adicional a subestaciones remotas o por zona.<\/li>\r\n  <\/ul>\r\n  \r\n  <p>Cada TM2500 tiene capacidad de arranque en negro con combustible l\u00edquido. (20MW en operaci\u00f3n pico, condiciones ISO.)<\/p> \r\n  \r\n      <h2>Alquiler de plantas m\u00f3viles TM2500<\/h2>\r\n    \r\n        \r\n  <h3>Flexibilidad en Operaci\u00f3n<\/h3>\r\n  \r\n  <ul>\r\n    <li>Las TM2500 est\u00e1n disponibles con o sin personal para operaci\u00f3n.<\/li>\r\n    <li>Combustible suministrado por el cliente.<\/li>\r\n    <li>Interface de control con capacidad remota. (Turbologik)<\/li>\r\n    <li>Ciclo de arranque menor a 10 minutos para carga base.<\/li>\r\n    <li>Intercambio r\u00e1pido de n\u00facleo 2-3 d\u00edas en periodos de renta extendidos, indisponibilidad m\u00ednima.<\/li>\r\n  <\/ul>\r\n   \r\n  \r\n   \r\n      <\/div>\r\n<\/div>\r\n\r\n<\/div>\r\n\r\n\r\n\r\n<div class=\"block contact-bot\">\r\n\r\n\r\n<div class=\"row wow animated fadeInUp\">\r\n  <div class=\"large-7 columns large-centered\">\r\n    \r\n    <h2>Cont\u00e1ctenos<\/h2>\r\n    \r\n<p class=\"subtitle\">Si desea cotizar nuestros servicios, resolver interrogantes o hacernos llegar sus comentarios, no dude en contactarnos.<\/p>\r\n<p class=\"text-center\">\r\n  <a class=\"button hollow\" href=\"&#109;&#x61;&#105;&#x6c;&#x74;&#111;&#58;&#105;&#110;&#x66;&#x6f;&#x40;&#112;&#x65;&#115;&#115;&#46;&#x63;&#111;&#x6d;\">&#105;&#x6e;&#x66;&#111;&#64;&#112;&#101;&#115;&#115;&#46;&#x63;&#111;&#x6d;<\/a><\/p>\r\n\r\n\r\n  <\/div>\r\n<\/div>\r\n\r\n\r\n<\/div><!--- \/.block --->\r\n","protected":false},"excerpt":{"rendered":"Plantas M\u00f3viles Servicios de Campo Proyectos\/Automatizaci\u00f3n Refaccionamiento Plantas M\u00f3viles Servicios de Campo Proyectos\/Automatizaci\u00f3n Refaccionamiento Plantas M\u00f3viles Turbinas de Gas M\u00f3viles TM2500 Generaci\u00f3n Potencia Adicional: Al reponer la energ\u00eda por incremento de demanda o capacidad insuficiente por paros planeados. Estabilizaci\u00f3n de la red: Asegura la estabilidad de la red de manera confiable y otorgando potencia reactiva [&hellip;]","protected":false},"author":1,"featured_media":0,"parent":16,"menu_order":2,"comment_status":"closed","ping_status":"closed","template":"","meta":[],"_links":{"self":[{"href":"https:\/\/www.pess.com\/es\/wp-json\/wp\/v2\/pages\/6"}],"collection":[{"href":"https:\/\/www.pess.com\/es\/wp-json\/wp\/v2\/pages"}],"about":[{"href":"https:\/\/www.pess.com\/es\/wp-json\/wp\/v2\/types\/page"}],"author":[{"embeddable":true,"href":"https:\/\/www.pess.com\/es\/wp-json\/wp\/v2\/users\/1"}],"replies":[{"embeddable":true,"href":"https:\/\/www.pess.com\/es\/wp-json\/wp\/v2\/comments?post=6"}],"version-history":[{"count":2,"href":"https:\/\/www.pess.com\/es\/wp-json\/wp\/v2\/pages\/6\/revisions"}],"predecessor-version":[{"id":33,"href":"https:\/\/www.pess.com\/es\/wp-json\/wp\/v2\/pages\/6\/revisions\/33"}],"up":[{"embeddable":true,"href":"https:\/\/www.pess.com\/es\/wp-json\/wp\/v2\/pages\/16"}],"wp:attachment":[{"href":"https:\/\/www.pess.com\/es\/wp-json\/wp\/v2\/media?parent=6"}],"curies":[{"name":"wp","href":"https:\/\/api.w.org\/{rel}","templated":true}]}}