{"id":8,"date":"2018-01-14T15:49:01","date_gmt":"2018-01-14T15:49:01","guid":{"rendered":"http:\/\/www.pess.com\/?page_id=8"},"modified":"2018-01-14T16:59:02","modified_gmt":"2018-01-14T16:59:02","slug":"experiencia","status":"publish","type":"page","link":"https:\/\/www.pess.com\/es\/experiencia\/","title":{"rendered":"Experiencia"},"content":{"rendered":"<div class=\"hero experiencia\">\r\n  \r\n<div class=\"row\">\r\n  <div class=\"large-10 columns large-centered\">\r\n    <h1 class=\"animated fadeIn white-text\">Experiencia<\/h1>\r\n    \r\n  <\/div>\r\n<\/div>\r\n\r\n<\/div><!--- \/.hero --->\r\n\r\n\r\n  \r\n<div class=\"block experiencia-top\">\r\n  \r\n      <div class=\"row\">\r\n  <div class=\"large-7 medium-9 columns large-centered medium-centered\">\r\n    \r\n    \r\n        <p class=\"subtitle\">Desde el 2004 que comenzamos operaciones, esta es una muestra de nuestros principales clientes. A continuaci\u00f3n, una muestra de servicios y proyectos que hemos realizado.\r\n<p>\r\n    \r\n    \r\n      <\/div>\r\n<\/div>\r\n\r\n<div class=\"row\">\r\n  \r\n\r\n    <div class=\"large-3 medium-3 small-6 columns\">\r\n      <div class=\"l l-cfe\"><\/div>\r\n    <\/div>\r\n    <div class=\"large-3 medium-3 small-6 columns\">\r\n      <div class=\"l l-iberdrola\"><\/div>\r\n    <\/div>\r\n    <div class=\"large-3 medium-3 small-6 columns\">\r\n      <div class=\"l l-sempra\"><\/div>\r\n    <\/div>\r\n    <div class=\"large-3 medium-3 small-6 columns\">\r\n      <div class=\"l l-tractebel\"><\/div>\r\n    <\/div>\r\n\r\n    <div class=\"large-3 medium-3 small-6 columns\">\r\n      <div class=\"l l-rappel\"><\/div>\r\n    <\/div>\r\n    <div class=\"large-3 medium-3 small-6 columns\">\r\n      <div class=\"l l-intergen\"><\/div>\r\n    <\/div>\r\n    <div class=\"large-3 medium-3 small-6 columns\">\r\n      <div class=\"l l-stdm\"><\/div>\r\n    <\/div>\r\n    <div class=\"large-3 medium-3 small-6 columns\">\r\n      <div class=\"l l-pemex\"><\/div>\r\n    <\/div>\r\n    \r\n    <div class=\"large-3 medium-3 small-6 columns\">\r\n      <div class=\"l l-edf\"><\/div>\r\n    <\/div>\r\n    <div class=\"large-3 medium-3 small-6 columns\">\r\n      <div class=\"l l-aei\"><\/div>\r\n    <\/div>\r\n    <div class=\"large-3 medium-3 small-6 columns\">\r\n      <div class=\"l l-gas\"><\/div>\r\n    <\/div>\r\n    <div class=\"large-3 medium-3 small-6 columns\">\r\n      <div class=\"l l-emerson\"><\/div>\r\n    <\/div>\r\n\r\n    <div class=\"large-3 medium-3 small-6 columns\">\r\n      <div class=\"l l-gena\"><\/div>\r\n    <\/div>\r\n    <div class=\"large-3 medium-3 small-6 columns\">\r\n      <div class=\"l l-corn\"><\/div>\r\n    <\/div>\r\n    <div class=\"large-3 medium-3 small-6 columns\">\r\n      <div class=\"l l-ge\"><\/div>\r\n    <\/div>\r\n    <div class=\"large-3 medium-3 small-6 columns\">\r\n      <div class=\"l l-petrobras\"><\/div>\r\n    <\/div>\r\n\r\n    <div class=\"large-3 medium-3 small-6 columns large-offset-3 medium-offset-3\">\r\n      <div class=\"l l-praxair\"><\/div>\r\n    <\/div>\r\n    <div class=\"large-3 medium-3 small-6 columns end\">\r\n      <div class=\"l l-enertec\"><\/div>\r\n    <\/div>\r\n    \r\n<\/div>\r\n\r\n<\/div><!--- \/.block --->\r\n\r\n\r\n\r\n\r\n<div class=\"block content experiencia-bottom\">\r\n  \r\n\r\n\r\n\r\n<div class=\"row\">\r\n  <div class=\"large-7 medium-9 columns large-centered medium-centered\">\r\n    \r\n    <h2>Experiencia reciente<\/h2>\r\n    \r\n<div class=\"l l-cfe\"><\/div>\r\n<ul>\r\n  <li><strong>CFE LTSA 2013 \u2013 2015<\/strong> para unidades aeroderivadas de generaci\u00f3n (14 plantas, 700 MW).<\/li>\r\n  <li><strong>CFE C.T. JLP (Rio Escondido)<\/strong> \u2013 Proyecto llave en mano para automatizaci\u00f3n de bandas de transportaci\u00f3n de carb\u00f3n para planta carboel\u00e9ctrica.<\/li>\r\n  <li><strong>CFE CCC Hermosillo<\/strong> &#8211; HGPI turbina de gas SW 501F.<\/li>\r\n  <li><strong>CFE CCC San Lorenzo<\/strong> &#8211; HGPI turbina de gas SW 501F.<\/li>\r\n<\/ul>\r\n\r\n  <\/div>\r\n<\/div>\r\n\r\n\r\n<div class=\"row\">\r\n  <div class=\"large-7 medium-9 columns large-centered medium-centered\">\r\n    \r\n<div class=\"l l-rappel\"><\/div>\r\n<p><strong>Biopappel Centauro<\/strong> &#8211; Instalaci\u00f3n, comisionamiento y contrato de mantenimiento LTSA para proyecto de cogeneraci\u00f3n planta Centauro (20 MW).\r\n<\/p>\r\n\r\n  <\/div>\r\n<\/div>\r\n\r\n\r\n<div class=\"row\">\r\n  <div class=\"large-7 medium-9 columns large-centered medium-centered\">\r\n    \r\n<div class=\"l l-gena\"><\/div>\r\n<ul>\r\n  <li><strong>Generadora del Atl\u00e1ntico TermoCol\u00f3n<\/strong>, Inspecci\u00f3n Mayor a turbinas de gas  2 X GE MS7001B<\/li>\r\n  <li><strong>Generadora del Atl\u00e1ntico TermoCol\u00f3n<\/strong>, Inspecci\u00f3n Mayor a turbina de vapor GE MST<\/li>\r\n<\/ul>\r\n\r\n  <\/div>\r\n<\/div>\r\n\r\n<div class=\"row\">\r\n  <div class=\"large-7 medium-9 columns large-centered medium-centered\">\r\n    \r\n<div class=\"l l-aei\"><\/div>\r\n<p><strong>Generadora San Felipe<\/strong>, Rep. Dominicana, CI turbina de gas 7EA y Mayor  turbina de vapor MST.<\/p>\r\n\r\n  <\/div>\r\n<\/div>\r\n\r\n\r\n<div class=\"row\">\r\n  <div class=\"large-8 medium-10 columns large-centered medium-centered\">\r\n    <div class=\"large-3 medium-6 small-6 columns\">\r\n     <div class=\"l l-iberdrola\"><\/div>\r\n    <\/div>\r\n    <div class=\"large-3 medium-6 small-6 columns\">\r\n     <div class=\"l l-intergen\"><\/div>\r\n    <\/div>\r\n    <div class=\"large-3 medium-6 small-6 columns\">\r\n     <div class=\"l l-tractebel\"><\/div>\r\n    <\/div>\r\n    <div class=\"large-3 medium-6 small-6 columns\">\r\n     <div class=\"l l-sempra\"><\/div>\r\n    <\/div>\r\n  <\/div>\r\n<\/div>\r\n\r\n\r\n<div class=\"row\">\r\n  <div class=\"large-7 medium-9 columns large-centered medium-centered\">\r\n\r\n<p><strong>Servicios de campo:<\/strong> \u00c1reas El\u00e9ctrica, Mec\u00e1nica y Control.<\/p>\r\n\r\n  <\/div>\r\n<\/div>\r\n\r\n\r\n<\/div><!--- \/.block --->\r\n\r\n\r\n\r\n\r\n<div class=\"block contact-bot\">\r\n\r\n\r\n<div class=\"row wow animated fadeInUp\">\r\n  <div class=\"large-7 columns large-centered\">\r\n    \r\n    <h2>Referencias y Testimonios<\/h2>\r\n    \r\n<p class=\"subtitle\">Comun\u00edquese con nosotros. Referencias y testimonios de clientes que han tenido nuestras soluciones y servicios se encuentran disponibles a petici\u00f3n.<\/p>\r\n<p class=\"text-center\">\r\n  <a class=\"button hollow\" href=\"&#109;&#x61;&#105;&#x6c;&#x74;&#111;&#58;&#105;&#110;&#x66;&#x6f;&#x40;&#112;&#x65;&#115;&#115;&#46;&#x63;&#111;&#x6d;\">&#105;&#x6e;&#x66;&#111;&#64;&#112;&#101;&#115;&#115;&#46;&#x63;&#111;&#x6d;<\/a><\/p>\r\n\r\n\r\n  <\/div>\r\n<\/div>\r\n\r\n\r\n<\/div><!--- \/.block --->\r\n","protected":false},"excerpt":{"rendered":"Experiencia Desde el 2004 que comenzamos operaciones, esta es una muestra de nuestros principales clientes. A continuaci\u00f3n, una muestra de servicios y proyectos que hemos realizado. Experiencia reciente CFE LTSA 2013 \u2013 2015 para unidades aeroderivadas de generaci\u00f3n (14 plantas, 700 MW). CFE C.T. JLP (Rio Escondido) \u2013 Proyecto llave en mano para automatizaci\u00f3n de [&hellip;]","protected":false},"author":1,"featured_media":0,"parent":0,"menu_order":0,"comment_status":"closed","ping_status":"closed","template":"","meta":[],"_links":{"self":[{"href":"https:\/\/www.pess.com\/es\/wp-json\/wp\/v2\/pages\/8"}],"collection":[{"href":"https:\/\/www.pess.com\/es\/wp-json\/wp\/v2\/pages"}],"about":[{"href":"https:\/\/www.pess.com\/es\/wp-json\/wp\/v2\/types\/page"}],"author":[{"embeddable":true,"href":"https:\/\/www.pess.com\/es\/wp-json\/wp\/v2\/users\/1"}],"replies":[{"embeddable":true,"href":"https:\/\/www.pess.com\/es\/wp-json\/wp\/v2\/comments?post=8"}],"version-history":[{"count":2,"href":"https:\/\/www.pess.com\/es\/wp-json\/wp\/v2\/pages\/8\/revisions"}],"predecessor-version":[{"id":321,"href":"https:\/\/www.pess.com\/es\/wp-json\/wp\/v2\/pages\/8\/revisions\/321"}],"wp:attachment":[{"href":"https:\/\/www.pess.com\/es\/wp-json\/wp\/v2\/media?parent=8"}],"curies":[{"name":"wp","href":"https:\/\/api.w.org\/{rel}","templated":true}]}}